{"id":53833,"date":"2024-04-24T13:24:17","date_gmt":"2024-04-24T16:24:17","guid":{"rendered":"https:\/\/www.mendoza.gov.ar\/catalogoeconomiasocial\/?post_type=product&#038;p=53833"},"modified":"2024-04-24T13:24:23","modified_gmt":"2024-04-24T16:24:23","slug":"porta-sahumerio-de-gatito-de-la-fortuna","status":"publish","type":"product","link":"https:\/\/www.mendoza.gov.ar\/catalogoeconomiasocial\/producto\/porta-sahumerio-de-gatito-de-la-fortuna\/","title":{"rendered":"Porta Sahumerio de Gatito de la Fortuna"},"content":{"rendered":"<!DOCTYPE html PUBLIC \"-\/\/W3C\/\/DTD HTML 4.0 Transitional\/\/EN\" \"http:\/\/www.w3.org\/TR\/REC-html40\/loose.dtd\">\n\n","protected":false},"excerpt":{"rendered":"Nuestro porta sahumerio de Gato de la Suerte de Michis es m\u00e1s que un simple accesorio de decoraci\u00f3n, es un toque de encanto y buena fortuna para tu hogar. Hecho a mano con porcelana fr\u00eda, este porta sahumerio est\u00e1 dise\u00f1ado en la forma del tradicional gato de la suerte japon\u00e9s, tambi\u00e9n conocido como Maneki-neko. El gato de la suerte es famoso en la cultura japonesa por atraer buena suerte y prosperidad, y nuestro porta sahumerio captura este esp\u00edritu con su pata levantada y su sonrisa amigable. Cada detalle ha sido cuidadosamente modelado y pintado a mano. Este porta sahumerio no s\u00f3lo sirve como un encantador adorno, sino que tambi\u00e9n es funcional. El sahumerio se coloca en la parte de al lado del gato, permitiendo que el humo se desvanezca suavemente, creando un ambiente relajante. El porta sahumerio de Gato de la fortuna de Michis es el regalo perfecto para los amantes de los gatos, los amantes de la cultura japonesa o cualquier persona que necesite un poco de buena suerte en su vida. Es una pieza \u00fanica que aportar\u00e1 un toque de encanto y serenidad a cualquier hogar.","protected":false},"featured_media":53834,"comment_status":"open","ping_status":"closed","template":"","meta":[],"product_cat":[6046,6058,6067],"product_tag":[6653,7118,1924],"_links":{"self":[{"href":"https:\/\/www.mendoza.gov.ar\/catalogoeconomiasocial\/wp-json\/wp\/v2\/product\/53833"}],"collection":[{"href":"https:\/\/www.mendoza.gov.ar\/catalogoeconomiasocial\/wp-json\/wp\/v2\/product"}],"about":[{"href":"https:\/\/www.mendoza.gov.ar\/catalogoeconomiasocial\/wp-json\/wp\/v2\/types\/product"}],"replies":[{"embeddable":true,"href":"https:\/\/www.mendoza.gov.ar\/catalogoeconomiasocial\/wp-json\/wp\/v2\/comments?post=53833"}],"wp:featuredmedia":[{"embeddable":true,"href":"https:\/\/www.mendoza.gov.ar\/catalogoeconomiasocial\/wp-json\/wp\/v2\/media\/53834"}],"wp:attachment":[{"href":"https:\/\/www.mendoza.gov.ar\/catalogoeconomiasocial\/wp-json\/wp\/v2\/media?parent=53833"}],"wp:term":[{"taxonomy":"product_cat","embeddable":true,"href":"https:\/\/www.mendoza.gov.ar\/catalogoeconomiasocial\/wp-json\/wp\/v2\/product_cat?post=53833"},{"taxonomy":"product_tag","embeddable":true,"href":"https:\/\/www.mendoza.gov.ar\/catalogoeconomiasocial\/wp-json\/wp\/v2\/product_tag?post=53833"}],"curies":[{"name":"wp","href":"https:\/\/api.w.org\/{rel}","templated":true}]}}