{"id":53839,"date":"2024-04-24T13:28:21","date_gmt":"2024-04-24T16:28:21","guid":{"rendered":"https:\/\/www.mendoza.gov.ar\/catalogoeconomiasocial\/?post_type=product&#038;p=53839"},"modified":"2024-04-24T13:28:22","modified_gmt":"2024-04-24T16:28:22","slug":"aritos-en-porcelana-fria","status":"publish","type":"product","link":"https:\/\/www.mendoza.gov.ar\/catalogoeconomiasocial\/producto\/aritos-en-porcelana-fria\/","title":{"rendered":"Aritos en Porcelana Fr\u00eda"},"content":{"rendered":"<!DOCTYPE html PUBLIC \"-\/\/W3C\/\/DTD HTML 4.0 Transitional\/\/EN\" \"http:\/\/www.w3.org\/TR\/REC-html40\/loose.dtd\">\n\n","protected":false},"excerpt":{"rendered":"Nuestros aritos de margaritas, girasoles y mariposas de Michis son una colecci\u00f3n encantadora de joyas inspiradas en la belleza de la naturaleza. Cada par de aretes est\u00e1 cuidadosamente dise\u00f1ado y hecho a mano con atenci\u00f3n a los detalles. Los aritos de margaritas capturan la delicadeza y la frescura de estas flores ic\u00f3nicas, creando una apariencia realista que evoca la alegr\u00eda de la primavera. Los aritos de girasoles irradiar\u00e1n un brillo soleado y optimista, pintados con colores c\u00e1lidos y vibrantes, capturando la energ\u00eda y vitalidad de estas hermosas flores. Los aritos de mariposas a\u00f1aden un toque de elegancia y gracia a la colecci\u00f3n. Cada mariposa est\u00e1 cuidadosamente esculpida y pintada a mano, con detalles intrincados que capturan la belleza et\u00e9rea de estas criaturas aladas. Ya sea que elijas los aritos de margaritas, los de girasoles o los de mariposas, cada par es una expresi\u00f3n de la belleza natural y la conexi\u00f3n con el mundo que nos rodea. Estos aritos son perfectos para a\u00f1adir un toque de encanto y sofisticaci\u00f3n a cualquier atuendo, ya sea casual o elegante. Los aritos de Michis son el regalo perfecto para aquellos que aprecian la belleza de la naturaleza y desean llevar un pedacito de ella consigo. Tambi\u00e9n son una forma maravillosa de expresar tu propio estilo y personalidad.","protected":false},"featured_media":53841,"comment_status":"open","ping_status":"closed","template":"","meta":[],"product_cat":[5923,6098,6102],"product_tag":[7121,6990,425,7122],"_links":{"self":[{"href":"https:\/\/www.mendoza.gov.ar\/catalogoeconomiasocial\/wp-json\/wp\/v2\/product\/53839"}],"collection":[{"href":"https:\/\/www.mendoza.gov.ar\/catalogoeconomiasocial\/wp-json\/wp\/v2\/product"}],"about":[{"href":"https:\/\/www.mendoza.gov.ar\/catalogoeconomiasocial\/wp-json\/wp\/v2\/types\/product"}],"replies":[{"embeddable":true,"href":"https:\/\/www.mendoza.gov.ar\/catalogoeconomiasocial\/wp-json\/wp\/v2\/comments?post=53839"}],"wp:featuredmedia":[{"embeddable":true,"href":"https:\/\/www.mendoza.gov.ar\/catalogoeconomiasocial\/wp-json\/wp\/v2\/media\/53841"}],"wp:attachment":[{"href":"https:\/\/www.mendoza.gov.ar\/catalogoeconomiasocial\/wp-json\/wp\/v2\/media?parent=53839"}],"wp:term":[{"taxonomy":"product_cat","embeddable":true,"href":"https:\/\/www.mendoza.gov.ar\/catalogoeconomiasocial\/wp-json\/wp\/v2\/product_cat?post=53839"},{"taxonomy":"product_tag","embeddable":true,"href":"https:\/\/www.mendoza.gov.ar\/catalogoeconomiasocial\/wp-json\/wp\/v2\/product_tag?post=53839"}],"curies":[{"name":"wp","href":"https:\/\/api.w.org\/{rel}","templated":true}]}}