{"id":54122,"date":"2024-05-08T10:08:18","date_gmt":"2024-05-08T13:08:18","guid":{"rendered":"https:\/\/www.mendoza.gov.ar\/catalogoeconomiasocial\/?post_type=product&#038;p=54122"},"modified":"2024-05-09T09:06:09","modified_gmt":"2024-05-09T12:06:09","slug":"resetario","status":"publish","type":"product","link":"https:\/\/www.mendoza.gov.ar\/catalogoeconomiasocial\/producto\/resetario\/","title":{"rendered":"Cuaderno de Recetas"},"content":{"rendered":"<!DOCTYPE html PUBLIC \"-\/\/W3C\/\/DTD HTML 4.0 Transitional\/\/EN\" \"http:\/\/www.w3.org\/TR\/REC-html40\/loose.dtd\">\n\n","protected":false},"excerpt":{"rendered":"Recetario con tapas de maderas grabadas &#8211; Encuadernaci\u00f3n artesanal &#8211; Tama\u00f1o A5 &#8211; Incluye espacio para 68 recetas.Tambi\u00e9n para completar con las experiencias e historias de tu beb\u00e9 ,cre\u00e1 un cuaderno \u00fanico para vos &#8211; Eleg\u00ed su interior (hojas lisas, rayas, cuadros o punteada) &#8211; Eleg\u00ed la tela que m\u00e1s te guste para el lomo del cuaderno y por \u00faltimo env\u00edanos tu dise\u00f1o y lo grabamos! &#8211; Utilizamos papel sin blanquear y 100% de ca\u00f1a de az\u00facar &#8211; Pod\u00e9s reutilizar las tapas una vez que terminaste de completar tu cuaderno, nosotros las reponemos!","protected":false},"featured_media":54123,"comment_status":"open","ping_status":"closed","template":"","meta":[],"product_cat":[6125,6128],"product_tag":[1556,1003,2090],"_links":{"self":[{"href":"https:\/\/www.mendoza.gov.ar\/catalogoeconomiasocial\/wp-json\/wp\/v2\/product\/54122"}],"collection":[{"href":"https:\/\/www.mendoza.gov.ar\/catalogoeconomiasocial\/wp-json\/wp\/v2\/product"}],"about":[{"href":"https:\/\/www.mendoza.gov.ar\/catalogoeconomiasocial\/wp-json\/wp\/v2\/types\/product"}],"replies":[{"embeddable":true,"href":"https:\/\/www.mendoza.gov.ar\/catalogoeconomiasocial\/wp-json\/wp\/v2\/comments?post=54122"}],"wp:featuredmedia":[{"embeddable":true,"href":"https:\/\/www.mendoza.gov.ar\/catalogoeconomiasocial\/wp-json\/wp\/v2\/media\/54123"}],"wp:attachment":[{"href":"https:\/\/www.mendoza.gov.ar\/catalogoeconomiasocial\/wp-json\/wp\/v2\/media?parent=54122"}],"wp:term":[{"taxonomy":"product_cat","embeddable":true,"href":"https:\/\/www.mendoza.gov.ar\/catalogoeconomiasocial\/wp-json\/wp\/v2\/product_cat?post=54122"},{"taxonomy":"product_tag","embeddable":true,"href":"https:\/\/www.mendoza.gov.ar\/catalogoeconomiasocial\/wp-json\/wp\/v2\/product_tag?post=54122"}],"curies":[{"name":"wp","href":"https:\/\/api.w.org\/{rel}","templated":true}]}}