{"id":54148,"date":"2024-05-08T12:00:58","date_gmt":"2024-05-08T15:00:58","guid":{"rendered":"https:\/\/www.mendoza.gov.ar\/catalogoeconomiasocial\/?post_type=product&#038;p=54148"},"modified":"2024-05-09T09:16:43","modified_gmt":"2024-05-09T12:16:43","slug":"frutos-secos","status":"publish","type":"product","link":"https:\/\/www.mendoza.gov.ar\/catalogoeconomiasocial\/producto\/frutos-secos\/","title":{"rendered":"Frutos Secos"},"content":{"rendered":"<!DOCTYPE html PUBLIC \"-\/\/W3C\/\/DTD HTML 4.0 Transitional\/\/EN\" \"http:\/\/www.w3.org\/TR\/REC-html40\/loose.dtd\">\n\n","protected":false},"excerpt":{"rendered":"Diferentes tipos de mix de frutos secos: Mix tradicional: contienen Nueces, Almendras, Casta\u00f1as, Pasas y Man\u00ed tostado Mix tropical: nueces, Almendras, papaya, manzana, anan\u00e1, Pasas, bananitas, Mix cervecero: maiz tostado, Man\u00ed, semillas de Girasol y semillas de zapallo.Una propuesta para que el consumidor pueda degustar todos los tipos de mix en una misma presentaci\u00f3n.","protected":false},"featured_media":54149,"comment_status":"open","ping_status":"closed","template":"","meta":[],"product_cat":[6762,5946,5962,5963],"product_tag":[2537,7175,7177,7178],"_links":{"self":[{"href":"https:\/\/www.mendoza.gov.ar\/catalogoeconomiasocial\/wp-json\/wp\/v2\/product\/54148"}],"collection":[{"href":"https:\/\/www.mendoza.gov.ar\/catalogoeconomiasocial\/wp-json\/wp\/v2\/product"}],"about":[{"href":"https:\/\/www.mendoza.gov.ar\/catalogoeconomiasocial\/wp-json\/wp\/v2\/types\/product"}],"replies":[{"embeddable":true,"href":"https:\/\/www.mendoza.gov.ar\/catalogoeconomiasocial\/wp-json\/wp\/v2\/comments?post=54148"}],"wp:featuredmedia":[{"embeddable":true,"href":"https:\/\/www.mendoza.gov.ar\/catalogoeconomiasocial\/wp-json\/wp\/v2\/media\/54149"}],"wp:attachment":[{"href":"https:\/\/www.mendoza.gov.ar\/catalogoeconomiasocial\/wp-json\/wp\/v2\/media?parent=54148"}],"wp:term":[{"taxonomy":"product_cat","embeddable":true,"href":"https:\/\/www.mendoza.gov.ar\/catalogoeconomiasocial\/wp-json\/wp\/v2\/product_cat?post=54148"},{"taxonomy":"product_tag","embeddable":true,"href":"https:\/\/www.mendoza.gov.ar\/catalogoeconomiasocial\/wp-json\/wp\/v2\/product_tag?post=54148"}],"curies":[{"name":"wp","href":"https:\/\/api.w.org\/{rel}","templated":true}]}}