{"id":54192,"date":"2024-05-10T10:48:27","date_gmt":"2024-05-10T13:48:27","guid":{"rendered":"https:\/\/www.mendoza.gov.ar\/catalogoeconomiasocial\/?post_type=product&#038;p=54192"},"modified":"2024-05-15T08:41:06","modified_gmt":"2024-05-15T11:41:06","slug":"fotografia","status":"publish","type":"product","link":"https:\/\/www.mendoza.gov.ar\/catalogoeconomiasocial\/producto\/fotografia\/","title":{"rendered":"Servicio de Foto Cabina"},"content":{"rendered":"<!DOCTYPE html PUBLIC \"-\/\/W3C\/\/DTD HTML 4.0 Transitional\/\/EN\" \"http:\/\/www.w3.org\/TR\/REC-html40\/loose.dtd\">\n\n","protected":false},"excerpt":{"rendered":"<div class=\"pYfr3c\">\r\n<div class=\"prOLdf\">\r\n<div id=\"i.desc.1203241719\" class=\"hyJi2e OIC90c RjsPE\">Describa las caracter\u00edsticas del producto o servicio que ofrece, considerando: utilidad, composici\u00f3n, cantidades, medidas, tama\u00f1os, talles, si cuenta con certificaciones especiales (por ejemplo RNE, RNPA) etc<\/div>\r\n<\/div>\r\n<\/div>\r\n<div class=\"Ih4Dzb\">\r\n<div class=\"q4tvle JqSWld yqQS1\">El servicio incluye el dise\u00f1o que vos quieras para el fondo de la foto (se le puede colocar fotos, frases, los colores y la tipograf\u00eda que desees), el dise\u00f1o del logo del evento Durante el evento se van a poder sacar todas las fotos que quieran, con impresi\u00f3n ILIMITADA de fotos y adem\u00e1s son IMANTADAS Y CON BOLSITAS para que tus invitados puedan pegarlas en la heladera. Las fotos son de calidad profesional, debido al grosor de papel, la utilizaci\u00f3n de tintas originales y la c\u00e1mara HD con las que las tomamos. Forma de impresi\u00f3n: * 1 foto de 10&#215;15 en la que entran hasta 4 fotos<\/div>\r\n<\/div>","protected":false},"featured_media":54193,"comment_status":"open","ping_status":"closed","template":"","meta":[],"product_cat":[6149,6843],"product_tag":[7187,6844,7063],"_links":{"self":[{"href":"https:\/\/www.mendoza.gov.ar\/catalogoeconomiasocial\/wp-json\/wp\/v2\/product\/54192"}],"collection":[{"href":"https:\/\/www.mendoza.gov.ar\/catalogoeconomiasocial\/wp-json\/wp\/v2\/product"}],"about":[{"href":"https:\/\/www.mendoza.gov.ar\/catalogoeconomiasocial\/wp-json\/wp\/v2\/types\/product"}],"replies":[{"embeddable":true,"href":"https:\/\/www.mendoza.gov.ar\/catalogoeconomiasocial\/wp-json\/wp\/v2\/comments?post=54192"}],"wp:featuredmedia":[{"embeddable":true,"href":"https:\/\/www.mendoza.gov.ar\/catalogoeconomiasocial\/wp-json\/wp\/v2\/media\/54193"}],"wp:attachment":[{"href":"https:\/\/www.mendoza.gov.ar\/catalogoeconomiasocial\/wp-json\/wp\/v2\/media?parent=54192"}],"wp:term":[{"taxonomy":"product_cat","embeddable":true,"href":"https:\/\/www.mendoza.gov.ar\/catalogoeconomiasocial\/wp-json\/wp\/v2\/product_cat?post=54192"},{"taxonomy":"product_tag","embeddable":true,"href":"https:\/\/www.mendoza.gov.ar\/catalogoeconomiasocial\/wp-json\/wp\/v2\/product_tag?post=54192"}],"curies":[{"name":"wp","href":"https:\/\/api.w.org\/{rel}","templated":true}]}}