{"id":54570,"date":"2024-06-25T13:14:30","date_gmt":"2024-06-25T16:14:30","guid":{"rendered":"https:\/\/www.mendoza.gov.ar\/catalogoeconomiasocial\/?post_type=product&#038;p=54570"},"modified":"2024-06-27T09:27:50","modified_gmt":"2024-06-27T12:27:50","slug":"plato-playo","status":"publish","type":"product","link":"https:\/\/www.mendoza.gov.ar\/catalogoeconomiasocial\/producto\/plato-playo\/","title":{"rendered":"Plato Playo"},"content":{"rendered":"<!DOCTYPE html PUBLIC \"-\/\/W3C\/\/DTD HTML 4.0 Transitional\/\/EN\" \"http:\/\/www.w3.org\/TR\/REC-html40\/loose.dtd\">\n\n","protected":false},"excerpt":{"rendered":"Platos playos.\r\n\r\nLa demora de producci\u00f3n var\u00eda entree 20 y 40 d\u00edas h\u00e1biles, seg\u00fan la cantidad de piezas y los dise\u00f1os.\r\n\r\n<strong><em>Todos los productos son aptos para microondas. Es loza de 1080\u00b0<\/em><\/strong>\r\n\r\nSe pueden realizar objetos standares o personalizados.","protected":false},"featured_media":54571,"comment_status":"open","ping_status":"closed","template":"","meta":[],"product_cat":[7242,6762,6046,6053,6525,6056],"product_tag":[7255,7248,890],"_links":{"self":[{"href":"https:\/\/www.mendoza.gov.ar\/catalogoeconomiasocial\/wp-json\/wp\/v2\/product\/54570"}],"collection":[{"href":"https:\/\/www.mendoza.gov.ar\/catalogoeconomiasocial\/wp-json\/wp\/v2\/product"}],"about":[{"href":"https:\/\/www.mendoza.gov.ar\/catalogoeconomiasocial\/wp-json\/wp\/v2\/types\/product"}],"replies":[{"embeddable":true,"href":"https:\/\/www.mendoza.gov.ar\/catalogoeconomiasocial\/wp-json\/wp\/v2\/comments?post=54570"}],"wp:featuredmedia":[{"embeddable":true,"href":"https:\/\/www.mendoza.gov.ar\/catalogoeconomiasocial\/wp-json\/wp\/v2\/media\/54571"}],"wp:attachment":[{"href":"https:\/\/www.mendoza.gov.ar\/catalogoeconomiasocial\/wp-json\/wp\/v2\/media?parent=54570"}],"wp:term":[{"taxonomy":"product_cat","embeddable":true,"href":"https:\/\/www.mendoza.gov.ar\/catalogoeconomiasocial\/wp-json\/wp\/v2\/product_cat?post=54570"},{"taxonomy":"product_tag","embeddable":true,"href":"https:\/\/www.mendoza.gov.ar\/catalogoeconomiasocial\/wp-json\/wp\/v2\/product_tag?post=54570"}],"curies":[{"name":"wp","href":"https:\/\/api.w.org\/{rel}","templated":true}]}}