{"id":54813,"date":"2024-07-23T11:41:01","date_gmt":"2024-07-23T14:41:01","guid":{"rendered":"https:\/\/www.mendoza.gov.ar\/catalogoeconomiasocial\/?post_type=product&#038;p=54813"},"modified":"2024-07-23T11:41:19","modified_gmt":"2024-07-23T14:41:19","slug":"almohadon-infantil","status":"publish","type":"product","link":"https:\/\/www.mendoza.gov.ar\/catalogoeconomiasocial\/producto\/almohadon-infantil\/","title":{"rendered":"Almohad\u00f3n Infantil"},"content":{"rendered":"<!DOCTYPE html PUBLIC \"-\/\/W3C\/\/DTD HTML 4.0 Transitional\/\/EN\" \"http:\/\/www.w3.org\/TR\/REC-html40\/loose.dtd\">\n\n","protected":false},"excerpt":{"rendered":"El almohad\u00f3n viene de diferentes tama\u00f1os, esta hecho con tela tropical o mec\u00e1nica de un lado esta sublimada y del otro con el color q convine con el dise\u00f1o , por dentro viene con un forro y relleno de copos de goma espuma . Estos son los diferentes tama\u00f1os q realizamos 25&#215;25 30&#215;30 35&#215;35 37&#215;37 40&#215;40 Los de apego los hacemos con la forma del personaje y sublimado del derecho y el rev\u00e9s.","protected":false},"featured_media":54816,"comment_status":"open","ping_status":"closed","template":"","meta":[],"product_cat":[6046,6058,6059,6062],"product_tag":[6541,7279,6547],"_links":{"self":[{"href":"https:\/\/www.mendoza.gov.ar\/catalogoeconomiasocial\/wp-json\/wp\/v2\/product\/54813"}],"collection":[{"href":"https:\/\/www.mendoza.gov.ar\/catalogoeconomiasocial\/wp-json\/wp\/v2\/product"}],"about":[{"href":"https:\/\/www.mendoza.gov.ar\/catalogoeconomiasocial\/wp-json\/wp\/v2\/types\/product"}],"replies":[{"embeddable":true,"href":"https:\/\/www.mendoza.gov.ar\/catalogoeconomiasocial\/wp-json\/wp\/v2\/comments?post=54813"}],"wp:featuredmedia":[{"embeddable":true,"href":"https:\/\/www.mendoza.gov.ar\/catalogoeconomiasocial\/wp-json\/wp\/v2\/media\/54816"}],"wp:attachment":[{"href":"https:\/\/www.mendoza.gov.ar\/catalogoeconomiasocial\/wp-json\/wp\/v2\/media?parent=54813"}],"wp:term":[{"taxonomy":"product_cat","embeddable":true,"href":"https:\/\/www.mendoza.gov.ar\/catalogoeconomiasocial\/wp-json\/wp\/v2\/product_cat?post=54813"},{"taxonomy":"product_tag","embeddable":true,"href":"https:\/\/www.mendoza.gov.ar\/catalogoeconomiasocial\/wp-json\/wp\/v2\/product_tag?post=54813"}],"curies":[{"name":"wp","href":"https:\/\/api.w.org\/{rel}","templated":true}]}}