{"id":54842,"date":"2024-07-24T11:26:13","date_gmt":"2024-07-24T14:26:13","guid":{"rendered":"https:\/\/www.mendoza.gov.ar\/catalogoeconomiasocial\/?post_type=product&#038;p=54842"},"modified":"2024-07-24T11:26:13","modified_gmt":"2024-07-24T14:26:13","slug":"servicio-de-barra-infantil","status":"publish","type":"product","link":"https:\/\/www.mendoza.gov.ar\/catalogoeconomiasocial\/producto\/servicio-de-barra-infantil\/","title":{"rendered":"Servicio de Barra Infantil"},"content":{"rendered":"<!DOCTYPE html PUBLIC \"-\/\/W3C\/\/DTD HTML 4.0 Transitional\/\/EN\" \"http:\/\/www.w3.org\/TR\/REC-html40\/loose.dtd\">\n\n","protected":false},"excerpt":{"rendered":"Barra Mal\u00fa Kids elabora los mejores licuados batidos y tragos sin alcohol infantil con las mejores frutas de la misma manera que los productos artesanales Mal\u00fa y cabe destacar que no se utilizan ni pulpas de fruta ni conservantes ni colorantes ..solamente fruta fresca y naturales Se utiliza leche entera deslactosada descremada de almendras etc. Seg\u00fan la exigencia del cliente Este tipo de barra est\u00e1 destinada a la atenci\u00f3n exclusiva de licuados batidos y traigo sin alcohol brochetas de frutas y la combinaci\u00f3n de estas en cumplea\u00f1os comuni\u00f3n confirmaci\u00f3n baby shower y todo evento infantil de qu\u00e9 se trate Se traslada la barra en sus diferentes modelos y tem\u00e1tica del evento infantil","protected":false},"featured_media":54843,"comment_status":"open","ping_status":"closed","template":"","meta":[],"product_cat":[6762,6149,6152],"product_tag":[1568,7017,545,658],"_links":{"self":[{"href":"https:\/\/www.mendoza.gov.ar\/catalogoeconomiasocial\/wp-json\/wp\/v2\/product\/54842"}],"collection":[{"href":"https:\/\/www.mendoza.gov.ar\/catalogoeconomiasocial\/wp-json\/wp\/v2\/product"}],"about":[{"href":"https:\/\/www.mendoza.gov.ar\/catalogoeconomiasocial\/wp-json\/wp\/v2\/types\/product"}],"replies":[{"embeddable":true,"href":"https:\/\/www.mendoza.gov.ar\/catalogoeconomiasocial\/wp-json\/wp\/v2\/comments?post=54842"}],"wp:featuredmedia":[{"embeddable":true,"href":"https:\/\/www.mendoza.gov.ar\/catalogoeconomiasocial\/wp-json\/wp\/v2\/media\/54843"}],"wp:attachment":[{"href":"https:\/\/www.mendoza.gov.ar\/catalogoeconomiasocial\/wp-json\/wp\/v2\/media?parent=54842"}],"wp:term":[{"taxonomy":"product_cat","embeddable":true,"href":"https:\/\/www.mendoza.gov.ar\/catalogoeconomiasocial\/wp-json\/wp\/v2\/product_cat?post=54842"},{"taxonomy":"product_tag","embeddable":true,"href":"https:\/\/www.mendoza.gov.ar\/catalogoeconomiasocial\/wp-json\/wp\/v2\/product_tag?post=54842"}],"curies":[{"name":"wp","href":"https:\/\/api.w.org\/{rel}","templated":true}]}}