{"id":55026,"date":"2024-08-30T13:03:33","date_gmt":"2024-08-30T16:03:33","guid":{"rendered":"https:\/\/www.mendoza.gov.ar\/catalogoeconomiasocial\/?post_type=product&#038;p=55026"},"modified":"2024-10-31T08:59:54","modified_gmt":"2024-10-31T11:59:54","slug":"jabon-artesanal","status":"publish","type":"product","link":"https:\/\/www.mendoza.gov.ar\/catalogoeconomiasocial\/producto\/jabon-artesanal\/","title":{"rendered":"Jab\u00f3n Artesanal"},"content":{"rendered":"<!DOCTYPE html PUBLIC \"-\/\/W3C\/\/DTD HTML 4.0 Transitional\/\/EN\" \"http:\/\/www.w3.org\/TR\/REC-html40\/loose.dtd\">\n\n","protected":false},"excerpt":{"rendered":"Nuestros jabones est\u00e1n elaborados a base de glicerina y jab\u00f3n de coco, y son enriquecidos con distintos productos naturales para aportar propiedades para el cuidado de la piel.\r\n\r\nPor ejemplo jab\u00f3n de glicerina con manzanilla para aliviar y descongestionar la piel, jab\u00f3n de coco y avena para nutrirla, o jab\u00f3n de coco y caf\u00e9 para exfoliarla.","protected":false},"featured_media":55027,"comment_status":"open","ping_status":"closed","template":"","meta":[],"product_cat":[6762,6143,6144],"product_tag":[7304,6309,2049],"_links":{"self":[{"href":"https:\/\/www.mendoza.gov.ar\/catalogoeconomiasocial\/wp-json\/wp\/v2\/product\/55026"}],"collection":[{"href":"https:\/\/www.mendoza.gov.ar\/catalogoeconomiasocial\/wp-json\/wp\/v2\/product"}],"about":[{"href":"https:\/\/www.mendoza.gov.ar\/catalogoeconomiasocial\/wp-json\/wp\/v2\/types\/product"}],"replies":[{"embeddable":true,"href":"https:\/\/www.mendoza.gov.ar\/catalogoeconomiasocial\/wp-json\/wp\/v2\/comments?post=55026"}],"wp:featuredmedia":[{"embeddable":true,"href":"https:\/\/www.mendoza.gov.ar\/catalogoeconomiasocial\/wp-json\/wp\/v2\/media\/55027"}],"wp:attachment":[{"href":"https:\/\/www.mendoza.gov.ar\/catalogoeconomiasocial\/wp-json\/wp\/v2\/media?parent=55026"}],"wp:term":[{"taxonomy":"product_cat","embeddable":true,"href":"https:\/\/www.mendoza.gov.ar\/catalogoeconomiasocial\/wp-json\/wp\/v2\/product_cat?post=55026"},{"taxonomy":"product_tag","embeddable":true,"href":"https:\/\/www.mendoza.gov.ar\/catalogoeconomiasocial\/wp-json\/wp\/v2\/product_tag?post=55026"}],"curies":[{"name":"wp","href":"https:\/\/api.w.org\/{rel}","templated":true}]}}