{"id":55149,"date":"2024-09-11T11:36:41","date_gmt":"2024-09-11T14:36:41","guid":{"rendered":"https:\/\/www.mendoza.gov.ar\/catalogoeconomiasocial\/?post_type=product&#038;p=55149"},"modified":"2024-09-11T11:36:41","modified_gmt":"2024-09-11T14:36:41","slug":"maqueta-de-almacen-de-campo-mendocino","status":"publish","type":"product","link":"https:\/\/www.mendoza.gov.ar\/catalogoeconomiasocial\/producto\/maqueta-de-almacen-de-campo-mendocino\/","title":{"rendered":"Maqueta de Almac\u00e9n de Campo Mendocino"},"content":{"rendered":"<!DOCTYPE html PUBLIC \"-\/\/W3C\/\/DTD HTML 4.0 Transitional\/\/EN\" \"http:\/\/www.w3.org\/TR\/REC-html40\/loose.dtd\">\n\n","protected":false},"excerpt":{"rendered":"Con Base de Telgopor de electrodom\u00e9sticos, bandejas de telgopor de quesos y fiambres, vasos de telgopor y elementos varios ( corchos, palillos, c\u00e1psulas de vino, tapitas, cucharitas de helados, latas de cerveza, entre otras cosas ) represento un Almac\u00e9n del Interior de la Provincia de Mendoza. Los frentes son revestidos con adobe para lograr mayor resistencia y rusticidad.","protected":false},"featured_media":55151,"comment_status":"open","ping_status":"closed","template":"","meta":[],"product_cat":[6046,6058],"product_tag":[1277,7328],"_links":{"self":[{"href":"https:\/\/www.mendoza.gov.ar\/catalogoeconomiasocial\/wp-json\/wp\/v2\/product\/55149"}],"collection":[{"href":"https:\/\/www.mendoza.gov.ar\/catalogoeconomiasocial\/wp-json\/wp\/v2\/product"}],"about":[{"href":"https:\/\/www.mendoza.gov.ar\/catalogoeconomiasocial\/wp-json\/wp\/v2\/types\/product"}],"replies":[{"embeddable":true,"href":"https:\/\/www.mendoza.gov.ar\/catalogoeconomiasocial\/wp-json\/wp\/v2\/comments?post=55149"}],"wp:featuredmedia":[{"embeddable":true,"href":"https:\/\/www.mendoza.gov.ar\/catalogoeconomiasocial\/wp-json\/wp\/v2\/media\/55151"}],"wp:attachment":[{"href":"https:\/\/www.mendoza.gov.ar\/catalogoeconomiasocial\/wp-json\/wp\/v2\/media?parent=55149"}],"wp:term":[{"taxonomy":"product_cat","embeddable":true,"href":"https:\/\/www.mendoza.gov.ar\/catalogoeconomiasocial\/wp-json\/wp\/v2\/product_cat?post=55149"},{"taxonomy":"product_tag","embeddable":true,"href":"https:\/\/www.mendoza.gov.ar\/catalogoeconomiasocial\/wp-json\/wp\/v2\/product_tag?post=55149"}],"curies":[{"name":"wp","href":"https:\/\/api.w.org\/{rel}","templated":true}]}}