{"id":55200,"date":"2024-09-27T12:54:22","date_gmt":"2024-09-27T15:54:22","guid":{"rendered":"https:\/\/www.mendoza.gov.ar\/catalogoeconomiasocial\/?post_type=product&#038;p=55200"},"modified":"2024-09-27T12:54:22","modified_gmt":"2024-09-27T15:54:22","slug":"juegos-de-mesa-2","status":"publish","type":"product","link":"https:\/\/www.mendoza.gov.ar\/catalogoeconomiasocial\/producto\/juegos-de-mesa-2\/","title":{"rendered":"Juegos de Mesa"},"content":{"rendered":"<!DOCTYPE html PUBLIC \"-\/\/W3C\/\/DTD HTML 4.0 Transitional\/\/EN\" \"http:\/\/www.w3.org\/TR\/REC-html40\/loose.dtd\">\n\n","protected":false},"excerpt":{"rendered":"Actualmente, dise\u00f1amos juegos de mesa desde el sentido del jugar por jugar, y su impacto como herramienta pedag\u00f3gica, y sobre todo para repensar las realidades que vivimos. Buscamos invitar a una reflexi\u00f3n sobre otras formas de jugar, de relacionarnos, desde el compa\u00f1erismo, el encuentro, la solidaridad y el respeto, y sobre todo buscamos recrear mundos. \u2022 Hasta el momento hemos creado 10 t\u00edtulos: Espejados, Adivina qu\u00e9 tengo, Punta de la Lengua (versi\u00f3n j\u00f3venes y dif\u00edcil), Ya-La-Vi, Gira-Gira, Caminando, Caminando otros mundos, Warmis, La Aventura de Olivia y Cukito.","protected":false},"featured_media":55201,"comment_status":"open","ping_status":"closed","template":"","meta":[],"product_cat":[1065,6119],"product_tag":[7347,7351,7352,7346,7350,7354,7348,7353,7349],"_links":{"self":[{"href":"https:\/\/www.mendoza.gov.ar\/catalogoeconomiasocial\/wp-json\/wp\/v2\/product\/55200"}],"collection":[{"href":"https:\/\/www.mendoza.gov.ar\/catalogoeconomiasocial\/wp-json\/wp\/v2\/product"}],"about":[{"href":"https:\/\/www.mendoza.gov.ar\/catalogoeconomiasocial\/wp-json\/wp\/v2\/types\/product"}],"replies":[{"embeddable":true,"href":"https:\/\/www.mendoza.gov.ar\/catalogoeconomiasocial\/wp-json\/wp\/v2\/comments?post=55200"}],"wp:featuredmedia":[{"embeddable":true,"href":"https:\/\/www.mendoza.gov.ar\/catalogoeconomiasocial\/wp-json\/wp\/v2\/media\/55201"}],"wp:attachment":[{"href":"https:\/\/www.mendoza.gov.ar\/catalogoeconomiasocial\/wp-json\/wp\/v2\/media?parent=55200"}],"wp:term":[{"taxonomy":"product_cat","embeddable":true,"href":"https:\/\/www.mendoza.gov.ar\/catalogoeconomiasocial\/wp-json\/wp\/v2\/product_cat?post=55200"},{"taxonomy":"product_tag","embeddable":true,"href":"https:\/\/www.mendoza.gov.ar\/catalogoeconomiasocial\/wp-json\/wp\/v2\/product_tag?post=55200"}],"curies":[{"name":"wp","href":"https:\/\/api.w.org\/{rel}","templated":true}]}}