{"id":55424,"date":"2024-11-07T13:06:29","date_gmt":"2024-11-07T16:06:29","guid":{"rendered":"https:\/\/www.mendoza.gov.ar\/catalogoeconomiasocial\/?post_type=product&#038;p=55424"},"modified":"2024-11-07T13:08:38","modified_gmt":"2024-11-07T16:08:38","slug":"muneco-de-encastre","status":"publish","type":"product","link":"https:\/\/www.mendoza.gov.ar\/catalogoeconomiasocial\/producto\/muneco-de-encastre\/","title":{"rendered":"MU\u00d1ECO DE ENCASTRE"},"content":{"rendered":"<!DOCTYPE html PUBLIC \"-\/\/W3C\/\/DTD HTML 4.0 Transitional\/\/EN\" \"http:\/\/www.w3.org\/TR\/REC-html40\/loose.dtd\">\n\n","protected":false},"excerpt":{"rendered":"El beneficio de este mu\u00f1eco es estimular la psicomotricidad, desarrollar el reconocimiento, la diferenciaci\u00f3n de formas y tama\u00f1os; tambi\u00e9n les ayuda a desarrollar la atenci\u00f3n, la motricidad fina, la observaci\u00f3n, la creatividad, la paciencia y perseverancia, ya que al no conseguir el objetivo r\u00e1pidamente deben repetir el mecanismo de construcci\u00f3n.","protected":false},"featured_media":55425,"comment_status":"open","ping_status":"closed","template":"","meta":[],"product_cat":[1065,6123,6120],"product_tag":[1612,3629],"_links":{"self":[{"href":"https:\/\/www.mendoza.gov.ar\/catalogoeconomiasocial\/wp-json\/wp\/v2\/product\/55424"}],"collection":[{"href":"https:\/\/www.mendoza.gov.ar\/catalogoeconomiasocial\/wp-json\/wp\/v2\/product"}],"about":[{"href":"https:\/\/www.mendoza.gov.ar\/catalogoeconomiasocial\/wp-json\/wp\/v2\/types\/product"}],"replies":[{"embeddable":true,"href":"https:\/\/www.mendoza.gov.ar\/catalogoeconomiasocial\/wp-json\/wp\/v2\/comments?post=55424"}],"wp:featuredmedia":[{"embeddable":true,"href":"https:\/\/www.mendoza.gov.ar\/catalogoeconomiasocial\/wp-json\/wp\/v2\/media\/55425"}],"wp:attachment":[{"href":"https:\/\/www.mendoza.gov.ar\/catalogoeconomiasocial\/wp-json\/wp\/v2\/media?parent=55424"}],"wp:term":[{"taxonomy":"product_cat","embeddable":true,"href":"https:\/\/www.mendoza.gov.ar\/catalogoeconomiasocial\/wp-json\/wp\/v2\/product_cat?post=55424"},{"taxonomy":"product_tag","embeddable":true,"href":"https:\/\/www.mendoza.gov.ar\/catalogoeconomiasocial\/wp-json\/wp\/v2\/product_tag?post=55424"}],"curies":[{"name":"wp","href":"https:\/\/api.w.org\/{rel}","templated":true}]}}