{"id":55613,"date":"2024-11-13T10:49:23","date_gmt":"2024-11-13T13:49:23","guid":{"rendered":"https:\/\/www.mendoza.gov.ar\/catalogoeconomiasocial\/?post_type=product&#038;p=55613"},"modified":"2024-11-14T10:41:57","modified_gmt":"2024-11-14T13:41:57","slug":"diego-maradona-lionel-messi","status":"publish","type":"product","link":"https:\/\/www.mendoza.gov.ar\/catalogoeconomiasocial\/producto\/diego-maradona-lionel-messi\/","title":{"rendered":"Mu\u00f1ecos de &#8220;Diego Maradona y Lionel Messi&#8221;"},"content":{"rendered":"<!DOCTYPE html PUBLIC \"-\/\/W3C\/\/DTD HTML 4.0 Transitional\/\/EN\" \"http:\/\/www.w3.org\/TR\/REC-html40\/loose.dtd\">\n\n","protected":false},"excerpt":{"rendered":"Tejimos a nuestros h\u00e9roes deportivos, apto para todas las edades nuestros mu\u00f1ecos son 100% abrazables. Miden 25 cm. aprox., est\u00e1n tejidos a mano en algod\u00f3n, lavables, hipoalerg\u00e9nicos y apto vegano. Podes elegir el modelo de ropita que quieras.","protected":false},"featured_media":55614,"comment_status":"open","ping_status":"closed","template":"","meta":[],"product_cat":[1065,6156,6246],"product_tag":[2417,516,1178,849],"_links":{"self":[{"href":"https:\/\/www.mendoza.gov.ar\/catalogoeconomiasocial\/wp-json\/wp\/v2\/product\/55613"}],"collection":[{"href":"https:\/\/www.mendoza.gov.ar\/catalogoeconomiasocial\/wp-json\/wp\/v2\/product"}],"about":[{"href":"https:\/\/www.mendoza.gov.ar\/catalogoeconomiasocial\/wp-json\/wp\/v2\/types\/product"}],"replies":[{"embeddable":true,"href":"https:\/\/www.mendoza.gov.ar\/catalogoeconomiasocial\/wp-json\/wp\/v2\/comments?post=55613"}],"wp:featuredmedia":[{"embeddable":true,"href":"https:\/\/www.mendoza.gov.ar\/catalogoeconomiasocial\/wp-json\/wp\/v2\/media\/55614"}],"wp:attachment":[{"href":"https:\/\/www.mendoza.gov.ar\/catalogoeconomiasocial\/wp-json\/wp\/v2\/media?parent=55613"}],"wp:term":[{"taxonomy":"product_cat","embeddable":true,"href":"https:\/\/www.mendoza.gov.ar\/catalogoeconomiasocial\/wp-json\/wp\/v2\/product_cat?post=55613"},{"taxonomy":"product_tag","embeddable":true,"href":"https:\/\/www.mendoza.gov.ar\/catalogoeconomiasocial\/wp-json\/wp\/v2\/product_tag?post=55613"}],"curies":[{"name":"wp","href":"https:\/\/api.w.org\/{rel}","templated":true}]}}