{"id":55672,"date":"2024-11-14T09:22:04","date_gmt":"2024-11-14T12:22:04","guid":{"rendered":"https:\/\/www.mendoza.gov.ar\/catalogoeconomiasocial\/?post_type=product&#038;p=55672"},"modified":"2024-11-20T11:49:08","modified_gmt":"2024-11-20T14:49:08","slug":"mermelada-sabor-frutillas-manzanas-verdes-y-manzanas-rojas","status":"publish","type":"product","link":"https:\/\/www.mendoza.gov.ar\/catalogoeconomiasocial\/producto\/mermelada-sabor-frutillas-manzanas-verdes-y-manzanas-rojas\/","title":{"rendered":"Mermelada sabor a Frutilla y Manzana"},"content":{"rendered":"<!DOCTYPE html PUBLIC \"-\/\/W3C\/\/DTD HTML 4.0 Transitional\/\/EN\" \"http:\/\/www.w3.org\/TR\/REC-html40\/loose.dtd\">\n\n","protected":false},"excerpt":{"rendered":"Esta mermelada artesanal ha sido elaborada con frutos de temporada aut\u00f3ctonos de Mendoza: Frutillas, manzanas verdes y manzanas rojas; adem\u00e1s, esta aut\u00e9ntica variedad contiene cantidad necesaria de az\u00facar org\u00e1nica sin TACC y zumo de lim\u00f3n.","protected":false},"featured_media":55673,"comment_status":"open","ping_status":"closed","template":"","meta":[],"product_cat":[5946,5976,6019],"product_tag":[944,7411,960,345,600,6256],"_links":{"self":[{"href":"https:\/\/www.mendoza.gov.ar\/catalogoeconomiasocial\/wp-json\/wp\/v2\/product\/55672"}],"collection":[{"href":"https:\/\/www.mendoza.gov.ar\/catalogoeconomiasocial\/wp-json\/wp\/v2\/product"}],"about":[{"href":"https:\/\/www.mendoza.gov.ar\/catalogoeconomiasocial\/wp-json\/wp\/v2\/types\/product"}],"replies":[{"embeddable":true,"href":"https:\/\/www.mendoza.gov.ar\/catalogoeconomiasocial\/wp-json\/wp\/v2\/comments?post=55672"}],"wp:featuredmedia":[{"embeddable":true,"href":"https:\/\/www.mendoza.gov.ar\/catalogoeconomiasocial\/wp-json\/wp\/v2\/media\/55673"}],"wp:attachment":[{"href":"https:\/\/www.mendoza.gov.ar\/catalogoeconomiasocial\/wp-json\/wp\/v2\/media?parent=55672"}],"wp:term":[{"taxonomy":"product_cat","embeddable":true,"href":"https:\/\/www.mendoza.gov.ar\/catalogoeconomiasocial\/wp-json\/wp\/v2\/product_cat?post=55672"},{"taxonomy":"product_tag","embeddable":true,"href":"https:\/\/www.mendoza.gov.ar\/catalogoeconomiasocial\/wp-json\/wp\/v2\/product_tag?post=55672"}],"curies":[{"name":"wp","href":"https:\/\/api.w.org\/{rel}","templated":true}]}}