{"id":56006,"date":"2024-11-21T11:49:28","date_gmt":"2024-11-21T14:49:28","guid":{"rendered":"https:\/\/www.mendoza.gov.ar\/catalogoeconomiasocial\/?post_type=product&#038;p=56006"},"modified":"2025-07-30T10:54:57","modified_gmt":"2025-07-30T13:54:57","slug":"parches-con-termoadhesivo","status":"publish","type":"product","link":"https:\/\/www.mendoza.gov.ar\/catalogoeconomiasocial\/producto\/parches-con-termoadhesivo\/","title":{"rendered":"Parches con Termoadhesivo"},"content":{"rendered":"<!DOCTYPE html PUBLIC \"-\/\/W3C\/\/DTD HTML 4.0 Transitional\/\/EN\" \"http:\/\/www.w3.org\/TR\/REC-html40\/loose.dtd\">\n\n","protected":false},"excerpt":{"rendered":"<div class=\"Qr7Oae\" role=\"listitem\">\r\n<div class=\"OxAavc NVbRL\" data-required=\"true\" data-item-id=\"1939307960\">\r\n<div class=\"Ih4Dzb\">\r\n<div class=\"q4tvle JqSWld yqQS1\" style=\"text-align: left;\" tabindex=\"0\" role=\"textbox\" aria-label=\"Descripci\u00f3n del Producto\/Servicio 1\" aria-disabled=\"true\">Los parches de Chivichurri Bordados son una pasada, \u00bfsabes? No son los t\u00edpicos parches que se ven por ah\u00ed. Hacemos dise\u00f1os s\u00faper originales que le dan un toque \u00fanico a cualquier prenda Y lo m\u00e1s lindo es que, adem\u00e1s de ser tan creativos, nuestros parches tambi\u00e9n tienen un lado sustentable. Al ser bordados de tan buena calidad, son s\u00faper duraderos. No son algo que se va a romper o a descartar r\u00e1pido. Al contrario, est\u00e1n hechos para que la gente los ponga en sus camperas, mochilas o lo que sea y les den una segunda vida, un toque nuevo a algo que ya tienen. As\u00ed, en vez de comprar ropa nueva todo el tiempo, pueden renovar lo que ya usan con tus dise\u00f1os. Es una forma de darle m\u00e1s vida a la ropa y de ser m\u00e1s consciente con el consumo. As\u00ed que, nuestros parches no solo son lindos y originales, \u00a1sino que tambi\u00e9n ayudan a cuidar el planeta al fomentar la reutilizaci\u00f3n y la durabilidad! TENEMOS MAS DE 350 DISE\u00d1OS DISTINTOS!!!<\/div>\r\n<\/div>\r\n<\/div>\r\n<\/div>\r\n<div class=\"Qr7Oae\" role=\"listitem\">\r\n<div class=\"OxAavc\" data-required=\"true\" data-other-input=\"qSV85\" data-other-hidden=\"MfYA1e\" data-item-id=\"1250903232\">\r\n<div class=\"pYfr3c\">\r\n<div class=\"prOLdf\">\r\n<div class=\"g53bl\">\r\n<div id=\"c10315\" class=\"cTDvob D1wxyf RjsPE\" role=\"heading\" aria-level=\"3\" aria-describedby=\"i.desc.1250903232 c10358\"><\/div>\r\n<\/div>\r\n<\/div>\r\n<\/div>\r\n<\/div>\r\n<\/div>","protected":false},"featured_media":58666,"comment_status":"open","ping_status":"closed","template":"","meta":[],"product_cat":[5923,6098,6105],"product_tag":[322,7457,7456,1482,6969,5612],"_links":{"self":[{"href":"https:\/\/www.mendoza.gov.ar\/catalogoeconomiasocial\/wp-json\/wp\/v2\/product\/56006"}],"collection":[{"href":"https:\/\/www.mendoza.gov.ar\/catalogoeconomiasocial\/wp-json\/wp\/v2\/product"}],"about":[{"href":"https:\/\/www.mendoza.gov.ar\/catalogoeconomiasocial\/wp-json\/wp\/v2\/types\/product"}],"replies":[{"embeddable":true,"href":"https:\/\/www.mendoza.gov.ar\/catalogoeconomiasocial\/wp-json\/wp\/v2\/comments?post=56006"}],"wp:featuredmedia":[{"embeddable":true,"href":"https:\/\/www.mendoza.gov.ar\/catalogoeconomiasocial\/wp-json\/wp\/v2\/media\/58666"}],"wp:attachment":[{"href":"https:\/\/www.mendoza.gov.ar\/catalogoeconomiasocial\/wp-json\/wp\/v2\/media?parent=56006"}],"wp:term":[{"taxonomy":"product_cat","embeddable":true,"href":"https:\/\/www.mendoza.gov.ar\/catalogoeconomiasocial\/wp-json\/wp\/v2\/product_cat?post=56006"},{"taxonomy":"product_tag","embeddable":true,"href":"https:\/\/www.mendoza.gov.ar\/catalogoeconomiasocial\/wp-json\/wp\/v2\/product_tag?post=56006"}],"curies":[{"name":"wp","href":"https:\/\/api.w.org\/{rel}","templated":true}]}}