{"id":56479,"date":"2024-12-09T12:22:31","date_gmt":"2024-12-09T15:22:31","guid":{"rendered":"https:\/\/www.mendoza.gov.ar\/catalogoeconomiasocial\/?post_type=product&#038;p=56479"},"modified":"2024-12-09T12:22:31","modified_gmt":"2024-12-09T15:22:31","slug":"mesas-de-mosaico","status":"publish","type":"product","link":"https:\/\/www.mendoza.gov.ar\/catalogoeconomiasocial\/producto\/mesas-de-mosaico\/","title":{"rendered":"Mesas de Mosaico"},"content":{"rendered":"<!DOCTYPE html PUBLIC \"-\/\/W3C\/\/DTD HTML 4.0 Transitional\/\/EN\" \"http:\/\/www.w3.org\/TR\/REC-html40\/loose.dtd\">\n\n","protected":false},"excerpt":{"rendered":"<div class=\"Qr7Oae\" role=\"listitem\">\r\n<div class=\"OxAavc NVbRL\" data-required=\"true\" data-item-id=\"1939307960\">\r\n<div class=\"Ih4Dzb\">\r\n<div class=\"q4tvle JqSWld yqQS1\" tabindex=\"0\" role=\"textbox\" aria-label=\"Descripci\u00f3n del Producto\/Servicio 1\" aria-disabled=\"true\">_TeselasArt_ es una marca innovadora que fusiona arte y sostenibilidad, creando dise\u00f1os \u00fanicos y exclusivos con materiales cer\u00e1micos reciclados de la construcci\u00f3n y del sector cer\u00e1mico. Con un enfoque en la precisi\u00f3n y la calidad, cada tesela es cuidadosamente seleccionada, cortada y ensamblada en mosaicos que se montan sobre bases de madera reciclada, como carretes de madera de redes el\u00e9ctricas o tableros de virutas de madera orientadas (OSB). Nuestros productos est\u00e1n dise\u00f1ados para transformar interiores y espacios secos, resistiendo altas temperaturas y ofreciendo una belleza singular y aut\u00e9ntica. Nuestra colecci\u00f3n incluye piezas como centros de mesa, murales, mesas ratonas y mesas para diferentes estilos, ofreciendo una opci\u00f3n \u00fanica y ecol\u00f3gica para aquellos que buscan combinar arte, sostenibilidad y dise\u00f1o en su hogar o espacio comercial.&#8221;<\/div>\r\n<\/div>\r\n<\/div>\r\n<\/div>\r\n<div class=\"Qr7Oae\" role=\"listitem\">\r\n<div class=\"OxAavc\" data-required=\"true\" data-other-input=\"qSV85\" data-other-hidden=\"MfYA1e\" data-item-id=\"1250903232\">\r\n<div class=\"pYfr3c\">\r\n<div class=\"prOLdf\">\r\n<div class=\"g53bl\">\r\n<div id=\"c2496\" class=\"cTDvob D1wxyf RjsPE\" role=\"heading\" aria-level=\"3\" aria-describedby=\"i.desc.1250903232 c2539\"><\/div>\r\n<\/div>\r\n<\/div>\r\n<\/div>\r\n<\/div>\r\n<\/div>","protected":false},"featured_media":56480,"comment_status":"open","ping_status":"closed","template":"","meta":[],"product_cat":[6046,6058,6086],"product_tag":[1089,1735],"_links":{"self":[{"href":"https:\/\/www.mendoza.gov.ar\/catalogoeconomiasocial\/wp-json\/wp\/v2\/product\/56479"}],"collection":[{"href":"https:\/\/www.mendoza.gov.ar\/catalogoeconomiasocial\/wp-json\/wp\/v2\/product"}],"about":[{"href":"https:\/\/www.mendoza.gov.ar\/catalogoeconomiasocial\/wp-json\/wp\/v2\/types\/product"}],"replies":[{"embeddable":true,"href":"https:\/\/www.mendoza.gov.ar\/catalogoeconomiasocial\/wp-json\/wp\/v2\/comments?post=56479"}],"wp:featuredmedia":[{"embeddable":true,"href":"https:\/\/www.mendoza.gov.ar\/catalogoeconomiasocial\/wp-json\/wp\/v2\/media\/56480"}],"wp:attachment":[{"href":"https:\/\/www.mendoza.gov.ar\/catalogoeconomiasocial\/wp-json\/wp\/v2\/media?parent=56479"}],"wp:term":[{"taxonomy":"product_cat","embeddable":true,"href":"https:\/\/www.mendoza.gov.ar\/catalogoeconomiasocial\/wp-json\/wp\/v2\/product_cat?post=56479"},{"taxonomy":"product_tag","embeddable":true,"href":"https:\/\/www.mendoza.gov.ar\/catalogoeconomiasocial\/wp-json\/wp\/v2\/product_tag?post=56479"}],"curies":[{"name":"wp","href":"https:\/\/api.w.org\/{rel}","templated":true}]}}