{"id":56844,"date":"2025-02-07T10:19:17","date_gmt":"2025-02-07T13:19:17","guid":{"rendered":"https:\/\/www.mendoza.gov.ar\/catalogoeconomiasocial\/?post_type=product&#038;p=56844"},"modified":"2025-02-07T10:22:36","modified_gmt":"2025-02-07T13:22:36","slug":"alfajores-de-chocolate","status":"publish","type":"product","link":"https:\/\/www.mendoza.gov.ar\/catalogoeconomiasocial\/producto\/alfajores-de-chocolate\/","title":{"rendered":"Alfajores de Chocolate"},"content":{"rendered":"<!DOCTYPE html PUBLIC \"-\/\/W3C\/\/DTD HTML 4.0 Transitional\/\/EN\" \"http:\/\/www.w3.org\/TR\/REC-html40\/loose.dtd\">\n\n","protected":false},"excerpt":{"rendered":"Contamos con 22 sabores:\r\n\r\n1. Cl\u00e1sico negro 2. Cl\u00e1sico blanco 3. Negro con Malbec 4. Negro con naranja 5. Negro con man\u00ed 6. Negro con Frutilla 7. Negro con alcayota 8. Negro con romero y caf\u00e9 9. Negro picante 10. Negro con cerveza negra \u274c 11. Negro con pasas al rhum 12. Negro con Fernet 13. Negro Chocotorta \u274c 14. Negro con Frutos rojos( negro) 15. Blanco con Frutos rojos con co\u00f1ac( blanco ) \u274c 16. Blanco Nuez 17. Blanco Pimienta y tomate 19. Menta 20. Pistacho 21. Romeo y Julieta ( ar\u00e1ndanos , almendras y chocolate al 60%)\u274c 22. Negro Oreo","protected":false},"featured_media":56847,"comment_status":"open","ping_status":"closed","template":"","meta":[],"product_cat":[6762,5946,6023,6026],"product_tag":[32],"_links":{"self":[{"href":"https:\/\/www.mendoza.gov.ar\/catalogoeconomiasocial\/wp-json\/wp\/v2\/product\/56844"}],"collection":[{"href":"https:\/\/www.mendoza.gov.ar\/catalogoeconomiasocial\/wp-json\/wp\/v2\/product"}],"about":[{"href":"https:\/\/www.mendoza.gov.ar\/catalogoeconomiasocial\/wp-json\/wp\/v2\/types\/product"}],"replies":[{"embeddable":true,"href":"https:\/\/www.mendoza.gov.ar\/catalogoeconomiasocial\/wp-json\/wp\/v2\/comments?post=56844"}],"wp:featuredmedia":[{"embeddable":true,"href":"https:\/\/www.mendoza.gov.ar\/catalogoeconomiasocial\/wp-json\/wp\/v2\/media\/56847"}],"wp:attachment":[{"href":"https:\/\/www.mendoza.gov.ar\/catalogoeconomiasocial\/wp-json\/wp\/v2\/media?parent=56844"}],"wp:term":[{"taxonomy":"product_cat","embeddable":true,"href":"https:\/\/www.mendoza.gov.ar\/catalogoeconomiasocial\/wp-json\/wp\/v2\/product_cat?post=56844"},{"taxonomy":"product_tag","embeddable":true,"href":"https:\/\/www.mendoza.gov.ar\/catalogoeconomiasocial\/wp-json\/wp\/v2\/product_tag?post=56844"}],"curies":[{"name":"wp","href":"https:\/\/api.w.org\/{rel}","templated":true}]}}