{"id":57128,"date":"2025-02-20T12:27:03","date_gmt":"2025-02-20T15:27:03","guid":{"rendered":"https:\/\/www.mendoza.gov.ar\/catalogoeconomiasocial\/?post_type=product&#038;p=57128"},"modified":"2025-02-20T12:27:04","modified_gmt":"2025-02-20T15:27:04","slug":"juego-de-equilibrio","status":"publish","type":"product","link":"https:\/\/www.mendoza.gov.ar\/catalogoeconomiasocial\/producto\/juego-de-equilibrio\/","title":{"rendered":"Juego de Equilibrio"},"content":{"rendered":"<!DOCTYPE html PUBLIC \"-\/\/W3C\/\/DTD HTML 4.0 Transitional\/\/EN\" \"http:\/\/www.w3.org\/TR\/REC-html40\/loose.dtd\">\n\n","protected":false},"excerpt":{"rendered":"Simulando los antiguos mont\u00edculos de piedra andinos, Apacheta te permite conectar con lo primitivo, con lo ancestral. Por eso, cada apilamiento ser\u00e1 tu regalo, tu ofrenda\u2026 Ideal para regalar o \u00a1Para regalARTE! Apacheta se caracteriza por estar hecho completamente a mano, con diversas maderas nativas, bajo un delicado proceso de fabricaci\u00f3n, donde se deposita especial cuidado en los detalles de cada piedra. Debido a su sencillez, APACHETA es un juego que pueden disfrutar ni\u00f1os y adultos Equilibra tu mente&#8230; \u00a1Desaf\u00eda la gravedad! Pon a prueba tu paciencia y apila las 8 piedras \u00bfNo es posible? \u00a1Int\u00e9ntalo de nuevo! \u00a1Reduce el estr\u00e9s de la rutina diaria jugando! Conc\u00e9ntrate \u00a1Controla tu pulso y tus pensamientos! Cualquier escenario es v\u00e1lido para armar tu #Apacheta \u00bfOficina? \u00bfReuni\u00f3n de amigos? \u00bfD\u00eda de campo? \u00a1Lleva tus piedras de madera a todas partes! Se pueden apilar, ser equilibradas o simplemente dejarse de adorno para ser contempladas como verdaderas piezas de arte. Sin cables&#8230; Sin wi-fi&#8230; \u00a1CON\u00c9CTATE! Cada conjunto incluye: 8 (ocho) Piedras de madera hechas totalmente a mano + Bolsita de tela con cord\u00f3n ajustable (17,5x20cm) \u00a1Para que lleves tu apacheta a todas partes! Todas las piezas est\u00e1n protegidas por una ligera capa de cera de abejas y aceite de coco, para resaltar el verdadero color de cada especie utilizada, y prolongar la vida del material. No hay dos piedras iguales, por eso cada Apacheta es \u00daNICA e IRREPETIBLE. Producto hecho a mano con diversas especies de \u00e1rboles ca\u00eddos, regalos de la madre naturaleza.","protected":false},"featured_media":57132,"comment_status":"open","ping_status":"closed","template":"","meta":[],"product_cat":[1065,6121],"product_tag":[6490,6209,1074,658],"_links":{"self":[{"href":"https:\/\/www.mendoza.gov.ar\/catalogoeconomiasocial\/wp-json\/wp\/v2\/product\/57128"}],"collection":[{"href":"https:\/\/www.mendoza.gov.ar\/catalogoeconomiasocial\/wp-json\/wp\/v2\/product"}],"about":[{"href":"https:\/\/www.mendoza.gov.ar\/catalogoeconomiasocial\/wp-json\/wp\/v2\/types\/product"}],"replies":[{"embeddable":true,"href":"https:\/\/www.mendoza.gov.ar\/catalogoeconomiasocial\/wp-json\/wp\/v2\/comments?post=57128"}],"wp:featuredmedia":[{"embeddable":true,"href":"https:\/\/www.mendoza.gov.ar\/catalogoeconomiasocial\/wp-json\/wp\/v2\/media\/57132"}],"wp:attachment":[{"href":"https:\/\/www.mendoza.gov.ar\/catalogoeconomiasocial\/wp-json\/wp\/v2\/media?parent=57128"}],"wp:term":[{"taxonomy":"product_cat","embeddable":true,"href":"https:\/\/www.mendoza.gov.ar\/catalogoeconomiasocial\/wp-json\/wp\/v2\/product_cat?post=57128"},{"taxonomy":"product_tag","embeddable":true,"href":"https:\/\/www.mendoza.gov.ar\/catalogoeconomiasocial\/wp-json\/wp\/v2\/product_tag?post=57128"}],"curies":[{"name":"wp","href":"https:\/\/api.w.org\/{rel}","templated":true}]}}