{"id":57137,"date":"2025-02-20T12:47:12","date_gmt":"2025-02-20T15:47:12","guid":{"rendered":"https:\/\/www.mendoza.gov.ar\/catalogoeconomiasocial\/?post_type=product&#038;p=57137"},"modified":"2025-02-20T12:47:13","modified_gmt":"2025-02-20T15:47:13","slug":"juego-de-equilibrio-apacheta-version-premium","status":"publish","type":"product","link":"https:\/\/www.mendoza.gov.ar\/catalogoeconomiasocial\/producto\/juego-de-equilibrio-apacheta-version-premium\/","title":{"rendered":"Juego de Equilibrio Apacheta Versi\u00f3n Premium"},"content":{"rendered":"<!DOCTYPE html PUBLIC \"-\/\/W3C\/\/DTD HTML 4.0 Transitional\/\/EN\" \"http:\/\/www.w3.org\/TR\/REC-html40\/loose.dtd\">\n\n","protected":false},"excerpt":{"rendered":"Apacheta Blends, es nuestra versi\u00f3n premium, una selecci\u00f3n de bellas maderas, combinadas en sets \u00fanicos. Una mezcla de texturas y colores que llevan a nuestro juego a otro nivel.\r\n\r\nCada conjunto contiene tambi\u00e9n, una peque\u00f1a gu\u00eda de iniciaci\u00f3n al equilibrio con piedras reales (rock balance art). Simulando los antiguos mont\u00edculos de piedra andinos, Apacheta te permite conectar con lo primitivo, con lo ancestral. Por eso, cada apilamiento ser\u00e1 tu regalo, tu ofrenda\u2026\r\n\r\nCada conjunto incluye: 8 (ocho) Piedras de madera hechas totalmente a mano (\u00fanicas e irrepetibles) + Caja r\u00edgida de cart\u00f3n hecha y forrada a mano en color negro mate (16x16cm)\r\n\r\nTodas las piezas est\u00e1n protegidas por una ligera capa de cera de abejas y aceite de jarilla, para resaltar el verdadero color de cada especie utilizada, y prolongar la vida del material.\r\n\r\nProducto hecho a mano con diversas especies de \u00e1rboles ca\u00eddos, regalos de la madre naturaleza.","protected":false},"featured_media":57139,"comment_status":"open","ping_status":"closed","template":"","meta":[],"product_cat":[1065,6121],"product_tag":[7645,6209,1535,7646],"_links":{"self":[{"href":"https:\/\/www.mendoza.gov.ar\/catalogoeconomiasocial\/wp-json\/wp\/v2\/product\/57137"}],"collection":[{"href":"https:\/\/www.mendoza.gov.ar\/catalogoeconomiasocial\/wp-json\/wp\/v2\/product"}],"about":[{"href":"https:\/\/www.mendoza.gov.ar\/catalogoeconomiasocial\/wp-json\/wp\/v2\/types\/product"}],"replies":[{"embeddable":true,"href":"https:\/\/www.mendoza.gov.ar\/catalogoeconomiasocial\/wp-json\/wp\/v2\/comments?post=57137"}],"wp:featuredmedia":[{"embeddable":true,"href":"https:\/\/www.mendoza.gov.ar\/catalogoeconomiasocial\/wp-json\/wp\/v2\/media\/57139"}],"wp:attachment":[{"href":"https:\/\/www.mendoza.gov.ar\/catalogoeconomiasocial\/wp-json\/wp\/v2\/media?parent=57137"}],"wp:term":[{"taxonomy":"product_cat","embeddable":true,"href":"https:\/\/www.mendoza.gov.ar\/catalogoeconomiasocial\/wp-json\/wp\/v2\/product_cat?post=57137"},{"taxonomy":"product_tag","embeddable":true,"href":"https:\/\/www.mendoza.gov.ar\/catalogoeconomiasocial\/wp-json\/wp\/v2\/product_tag?post=57137"}],"curies":[{"name":"wp","href":"https:\/\/api.w.org\/{rel}","templated":true}]}}