{"id":57141,"date":"2025-02-21T09:33:34","date_gmt":"2025-02-21T12:33:34","guid":{"rendered":"https:\/\/www.mendoza.gov.ar\/catalogoeconomiasocial\/?post_type=product&#038;p=57141"},"modified":"2025-10-13T09:30:36","modified_gmt":"2025-10-13T12:30:36","slug":"jarra-condorino-malbec","status":"publish","type":"product","link":"https:\/\/www.mendoza.gov.ar\/catalogoeconomiasocial\/producto\/jarra-condorino-malbec\/","title":{"rendered":"Jarra para el Vino"},"content":{"rendered":"<!DOCTYPE html PUBLIC \"-\/\/W3C\/\/DTD HTML 4.0 Transitional\/\/EN\" \"http:\/\/www.w3.org\/TR\/REC-html40\/loose.dtd\">\n\n","protected":false},"excerpt":{"rendered":"Malbec: La intensidad en cada detalle. Inspirado en el vino insignia de Argentina, el Condorino Malbec es sin\u00f3nimo de car\u00e1cter y profundidad. Su dise\u00f1o robusto y elegante refleja la esencia de un varietal inconfundible.\u00a0Ideal para quienes buscan una pieza con presencia, tan \u00fanica como un buen Malbec.\u00a0Hecho a mano en Mendoza, con materiales nobles y sustentables.\u00a0\u00bfListo para elevar tu brindis? Llevate el tuyo hoy mismo.\r\n\r\nJarra de cer\u00e1mica esmaltada en forma de c\u00f3ndor, para vino o cualquier otra bebida (tragos, vermouth, agua, jugos, etc). Contiene 750 cc. Permite realzar la mesa por su cualidad art\u00edstica y airear el vino antes de servirlo con gran elegancia y originalidad. Representa nuestra majestuosa ave andina, sobre las monta\u00f1as.","protected":false},"featured_media":59827,"comment_status":"open","ping_status":"closed","template":"","meta":[],"product_cat":[7242,6762,6046,6053,6519],"product_tag":[6689,7464,1193],"_links":{"self":[{"href":"https:\/\/www.mendoza.gov.ar\/catalogoeconomiasocial\/wp-json\/wp\/v2\/product\/57141"}],"collection":[{"href":"https:\/\/www.mendoza.gov.ar\/catalogoeconomiasocial\/wp-json\/wp\/v2\/product"}],"about":[{"href":"https:\/\/www.mendoza.gov.ar\/catalogoeconomiasocial\/wp-json\/wp\/v2\/types\/product"}],"replies":[{"embeddable":true,"href":"https:\/\/www.mendoza.gov.ar\/catalogoeconomiasocial\/wp-json\/wp\/v2\/comments?post=57141"}],"wp:featuredmedia":[{"embeddable":true,"href":"https:\/\/www.mendoza.gov.ar\/catalogoeconomiasocial\/wp-json\/wp\/v2\/media\/59827"}],"wp:attachment":[{"href":"https:\/\/www.mendoza.gov.ar\/catalogoeconomiasocial\/wp-json\/wp\/v2\/media?parent=57141"}],"wp:term":[{"taxonomy":"product_cat","embeddable":true,"href":"https:\/\/www.mendoza.gov.ar\/catalogoeconomiasocial\/wp-json\/wp\/v2\/product_cat?post=57141"},{"taxonomy":"product_tag","embeddable":true,"href":"https:\/\/www.mendoza.gov.ar\/catalogoeconomiasocial\/wp-json\/wp\/v2\/product_tag?post=57141"}],"curies":[{"name":"wp","href":"https:\/\/api.w.org\/{rel}","templated":true}]}}