{"id":57237,"date":"2025-02-25T12:11:47","date_gmt":"2025-02-25T15:11:47","guid":{"rendered":"https:\/\/www.mendoza.gov.ar\/catalogoeconomiasocial\/?post_type=product&#038;p=57237"},"modified":"2025-02-25T12:11:47","modified_gmt":"2025-02-25T15:11:47","slug":"bolsa-tote-bag","status":"publish","type":"product","link":"https:\/\/www.mendoza.gov.ar\/catalogoeconomiasocial\/producto\/bolsa-tote-bag\/","title":{"rendered":"Bolsa Tote Bag"},"content":{"rendered":"<!DOCTYPE html PUBLIC \"-\/\/W3C\/\/DTD HTML 4.0 Transitional\/\/EN\" \"http:\/\/www.w3.org\/TR\/REC-html40\/loose.dtd\">\n\n","protected":false},"excerpt":{"rendered":"Tote bag de lienzo estampada con dise\u00f1o Portones Parque General San Mart\u00edn \/ C\u00f3ndor Andino\/ Acuarela Mendoza. T\u00e9cnica estampado: Serigraf\u00eda 1 color. T\u00e9cnica estampado: Sublimado a color. Material: Lienzo recuperado. Medidas: pueden variar ligeramente debido al uso de telas recuperadas y al proceso artesanal. Ilustraci\u00f3n: Sof\u00eda Andreoli","protected":false},"featured_media":57240,"comment_status":"open","ping_status":"closed","template":"","meta":[],"product_cat":[7242,6762,6046,6058,6067,6059,6060],"product_tag":[2083,6777,7658,7535],"_links":{"self":[{"href":"https:\/\/www.mendoza.gov.ar\/catalogoeconomiasocial\/wp-json\/wp\/v2\/product\/57237"}],"collection":[{"href":"https:\/\/www.mendoza.gov.ar\/catalogoeconomiasocial\/wp-json\/wp\/v2\/product"}],"about":[{"href":"https:\/\/www.mendoza.gov.ar\/catalogoeconomiasocial\/wp-json\/wp\/v2\/types\/product"}],"replies":[{"embeddable":true,"href":"https:\/\/www.mendoza.gov.ar\/catalogoeconomiasocial\/wp-json\/wp\/v2\/comments?post=57237"}],"wp:featuredmedia":[{"embeddable":true,"href":"https:\/\/www.mendoza.gov.ar\/catalogoeconomiasocial\/wp-json\/wp\/v2\/media\/57240"}],"wp:attachment":[{"href":"https:\/\/www.mendoza.gov.ar\/catalogoeconomiasocial\/wp-json\/wp\/v2\/media?parent=57237"}],"wp:term":[{"taxonomy":"product_cat","embeddable":true,"href":"https:\/\/www.mendoza.gov.ar\/catalogoeconomiasocial\/wp-json\/wp\/v2\/product_cat?post=57237"},{"taxonomy":"product_tag","embeddable":true,"href":"https:\/\/www.mendoza.gov.ar\/catalogoeconomiasocial\/wp-json\/wp\/v2\/product_tag?post=57237"}],"curies":[{"name":"wp","href":"https:\/\/api.w.org\/{rel}","templated":true}]}}