{"id":57342,"date":"2025-03-19T09:11:25","date_gmt":"2025-03-19T12:11:25","guid":{"rendered":"https:\/\/www.mendoza.gov.ar\/catalogoeconomiasocial\/?post_type=product&#038;p=57342"},"modified":"2025-03-19T09:11:26","modified_gmt":"2025-03-19T12:11:26","slug":"tote-bag-2","status":"publish","type":"product","link":"https:\/\/www.mendoza.gov.ar\/catalogoeconomiasocial\/producto\/tote-bag-2\/","title":{"rendered":"Tote Bag"},"content":{"rendered":"<!DOCTYPE html PUBLIC \"-\/\/W3C\/\/DTD HTML 4.0 Transitional\/\/EN\" \"http:\/\/www.w3.org\/TR\/REC-html40\/loose.dtd\">\n\n","protected":false},"excerpt":{"rendered":"Medidas: 45 x 45 cm Tiras de 60 cm.\r\n\r\nSe cierra con bot\u00f3n im\u00e1n, est\u00e1 forrada y tiene un compartimento con cierre interno.\r\n\r\nAlgunas incluyen tambi\u00e9n bolsillos externos simples o con cierre.\r\n\r\nLas correas anchas hacen que por su material sean s\u00faper resistentes, y adem\u00e1s lo vuelven un bolso que al estar lleno no es molesto ni doloroso de llevar al hombro.\r\n\r\nHago muchas a pedido con distintas divisiones, medidas y agregados, como por ej: divisi\u00f3n para notebook, agarre para botella\/termo\r\n\r\nCada modelo var\u00eda en color y tipo de tela, ya que los textiles reutilizados brindan estas caracter\u00edsticas.\r\n\r\nConsultar por disponibles o pedir personalizado de un color en especial.","protected":false},"featured_media":57343,"comment_status":"open","ping_status":"closed","template":"","meta":[],"product_cat":[7242,6762,5923,6098,6101],"product_tag":[6428,1641,7590,5612],"_links":{"self":[{"href":"https:\/\/www.mendoza.gov.ar\/catalogoeconomiasocial\/wp-json\/wp\/v2\/product\/57342"}],"collection":[{"href":"https:\/\/www.mendoza.gov.ar\/catalogoeconomiasocial\/wp-json\/wp\/v2\/product"}],"about":[{"href":"https:\/\/www.mendoza.gov.ar\/catalogoeconomiasocial\/wp-json\/wp\/v2\/types\/product"}],"replies":[{"embeddable":true,"href":"https:\/\/www.mendoza.gov.ar\/catalogoeconomiasocial\/wp-json\/wp\/v2\/comments?post=57342"}],"wp:featuredmedia":[{"embeddable":true,"href":"https:\/\/www.mendoza.gov.ar\/catalogoeconomiasocial\/wp-json\/wp\/v2\/media\/57343"}],"wp:attachment":[{"href":"https:\/\/www.mendoza.gov.ar\/catalogoeconomiasocial\/wp-json\/wp\/v2\/media?parent=57342"}],"wp:term":[{"taxonomy":"product_cat","embeddable":true,"href":"https:\/\/www.mendoza.gov.ar\/catalogoeconomiasocial\/wp-json\/wp\/v2\/product_cat?post=57342"},{"taxonomy":"product_tag","embeddable":true,"href":"https:\/\/www.mendoza.gov.ar\/catalogoeconomiasocial\/wp-json\/wp\/v2\/product_tag?post=57342"}],"curies":[{"name":"wp","href":"https:\/\/api.w.org\/{rel}","templated":true}]}}