{"id":57395,"date":"2025-03-27T11:53:31","date_gmt":"2025-03-27T14:53:31","guid":{"rendered":"https:\/\/www.mendoza.gov.ar\/catalogoeconomiasocial\/?post_type=product&#038;p=57395"},"modified":"2025-03-27T12:17:59","modified_gmt":"2025-03-27T15:17:59","slug":"cartuchera-4","status":"publish","type":"product","link":"https:\/\/www.mendoza.gov.ar\/catalogoeconomiasocial\/producto\/cartuchera-4\/","title":{"rendered":"Cartucheras"},"content":{"rendered":"<!DOCTYPE html PUBLIC \"-\/\/W3C\/\/DTD HTML 4.0 Transitional\/\/EN\" \"http:\/\/www.w3.org\/TR\/REC-html40\/loose.dtd\">\n\n","protected":false},"excerpt":{"rendered":"<ul>\r\n \t<li>Es un estuche que se puede usar como cartuchera o neceser. Cuenta con distintas divisiones: bolsillo solapa en el frente, bolsillo con cierre y en la tapa delantera y la divisi\u00f3n central. Confeccionado en telas impermeables, con cierres reforzados.<\/li>\r\n \t<li>Es un estuche multifunci\u00f3n, puede usarse como cartuchera o neceser. Cuenta con broche im\u00e1n en una de sus tapas, lo que hace que se doble y tenga una utilidad m\u00e1s c\u00f3moda al momento de usarla. En su interior tiene divisiones y bolsillos con cierre. Confeccionada en telas impermeables y con cierres reforzados.<\/li>\r\n<\/ul>\r\n&nbsp;","protected":false},"featured_media":57397,"comment_status":"open","ping_status":"closed","template":"","meta":[],"product_cat":[5923,6098,6101],"product_tag":[6980,981,1332,6793,6457,849],"_links":{"self":[{"href":"https:\/\/www.mendoza.gov.ar\/catalogoeconomiasocial\/wp-json\/wp\/v2\/product\/57395"}],"collection":[{"href":"https:\/\/www.mendoza.gov.ar\/catalogoeconomiasocial\/wp-json\/wp\/v2\/product"}],"about":[{"href":"https:\/\/www.mendoza.gov.ar\/catalogoeconomiasocial\/wp-json\/wp\/v2\/types\/product"}],"replies":[{"embeddable":true,"href":"https:\/\/www.mendoza.gov.ar\/catalogoeconomiasocial\/wp-json\/wp\/v2\/comments?post=57395"}],"wp:featuredmedia":[{"embeddable":true,"href":"https:\/\/www.mendoza.gov.ar\/catalogoeconomiasocial\/wp-json\/wp\/v2\/media\/57397"}],"wp:attachment":[{"href":"https:\/\/www.mendoza.gov.ar\/catalogoeconomiasocial\/wp-json\/wp\/v2\/media?parent=57395"}],"wp:term":[{"taxonomy":"product_cat","embeddable":true,"href":"https:\/\/www.mendoza.gov.ar\/catalogoeconomiasocial\/wp-json\/wp\/v2\/product_cat?post=57395"},{"taxonomy":"product_tag","embeddable":true,"href":"https:\/\/www.mendoza.gov.ar\/catalogoeconomiasocial\/wp-json\/wp\/v2\/product_tag?post=57395"}],"curies":[{"name":"wp","href":"https:\/\/api.w.org\/{rel}","templated":true}]}}