{"id":57574,"date":"2025-04-09T12:20:52","date_gmt":"2025-04-09T15:20:52","guid":{"rendered":"https:\/\/www.mendoza.gov.ar\/catalogoeconomiasocial\/?post_type=product&#038;p=57574"},"modified":"2025-04-09T12:20:53","modified_gmt":"2025-04-09T15:20:53","slug":"album-de-recuerdos-de-bebe","status":"publish","type":"product","link":"https:\/\/www.mendoza.gov.ar\/catalogoeconomiasocial\/producto\/album-de-recuerdos-de-bebe\/","title":{"rendered":"\u00c1lbum de Recuerdos de Beb\u00e9"},"content":{"rendered":"<!DOCTYPE html PUBLIC \"-\/\/W3C\/\/DTD HTML 4.0 Transitional\/\/EN\" \"http:\/\/www.w3.org\/TR\/REC-html40\/loose.dtd\">\n\n","protected":false},"excerpt":{"rendered":"Los mini \u00e1lbumes para beb\u00e9s son ideales para documentar el primer a\u00f1o del beb\u00e9. Tiene espacio para notas, una foto desde la pancita hasta una foto por mes hasta el primer a\u00f1ito. Se pueden personalizar con diferentes colores o tem\u00e1ticas. Son de tama\u00f1o 12 x 16 y en cada p\u00e1gina entra una foto 10 x 15 vertical.","protected":false},"featured_media":57575,"comment_status":"open","ping_status":"closed","template":"","meta":[],"product_cat":[6125,6126,6129],"product_tag":[6844,1726,656,6488,1750],"_links":{"self":[{"href":"https:\/\/www.mendoza.gov.ar\/catalogoeconomiasocial\/wp-json\/wp\/v2\/product\/57574"}],"collection":[{"href":"https:\/\/www.mendoza.gov.ar\/catalogoeconomiasocial\/wp-json\/wp\/v2\/product"}],"about":[{"href":"https:\/\/www.mendoza.gov.ar\/catalogoeconomiasocial\/wp-json\/wp\/v2\/types\/product"}],"replies":[{"embeddable":true,"href":"https:\/\/www.mendoza.gov.ar\/catalogoeconomiasocial\/wp-json\/wp\/v2\/comments?post=57574"}],"wp:featuredmedia":[{"embeddable":true,"href":"https:\/\/www.mendoza.gov.ar\/catalogoeconomiasocial\/wp-json\/wp\/v2\/media\/57575"}],"wp:attachment":[{"href":"https:\/\/www.mendoza.gov.ar\/catalogoeconomiasocial\/wp-json\/wp\/v2\/media?parent=57574"}],"wp:term":[{"taxonomy":"product_cat","embeddable":true,"href":"https:\/\/www.mendoza.gov.ar\/catalogoeconomiasocial\/wp-json\/wp\/v2\/product_cat?post=57574"},{"taxonomy":"product_tag","embeddable":true,"href":"https:\/\/www.mendoza.gov.ar\/catalogoeconomiasocial\/wp-json\/wp\/v2\/product_tag?post=57574"}],"curies":[{"name":"wp","href":"https:\/\/api.w.org\/{rel}","templated":true}]}}