{"id":57581,"date":"2025-04-09T12:24:51","date_gmt":"2025-04-09T15:24:51","guid":{"rendered":"https:\/\/www.mendoza.gov.ar\/catalogoeconomiasocial\/?post_type=product&#038;p=57581"},"modified":"2025-04-09T12:24:51","modified_gmt":"2025-04-09T15:24:51","slug":"cuaderno-con-anillado-inteligente","status":"publish","type":"product","link":"https:\/\/www.mendoza.gov.ar\/catalogoeconomiasocial\/producto\/cuaderno-con-anillado-inteligente\/","title":{"rendered":"Cuaderno con Anillado Inteligente"},"content":{"rendered":"<!DOCTYPE html PUBLIC \"-\/\/W3C\/\/DTD HTML 4.0 Transitional\/\/EN\" \"http:\/\/www.w3.org\/TR\/REC-html40\/loose.dtd\">\n\n","protected":false},"excerpt":{"rendered":"Cuaderno tama\u00f1o A5, con sistema de discos Las tapas y tem\u00e1tica del cuaderno son totalmente personalizadas y las opciones son de 80 hojas o 120 hojas. El sistema de discos te permite modificar el cuaderno seg\u00fan tus necesidades. Se pueden agregar m\u00e1s hojas, agregar accesorios (caratulas, stickers, etc) y se puede elegir hojas a rayas, cuadriculadas o puntos gu\u00eda. Todos los cuadernos incluyen car\u00e1tula y sobre final.","protected":false},"featured_media":57584,"comment_status":"open","ping_status":"closed","template":"","meta":[],"product_cat":[6125,6126,6128],"product_tag":[7729,7730,6364,7731],"_links":{"self":[{"href":"https:\/\/www.mendoza.gov.ar\/catalogoeconomiasocial\/wp-json\/wp\/v2\/product\/57581"}],"collection":[{"href":"https:\/\/www.mendoza.gov.ar\/catalogoeconomiasocial\/wp-json\/wp\/v2\/product"}],"about":[{"href":"https:\/\/www.mendoza.gov.ar\/catalogoeconomiasocial\/wp-json\/wp\/v2\/types\/product"}],"replies":[{"embeddable":true,"href":"https:\/\/www.mendoza.gov.ar\/catalogoeconomiasocial\/wp-json\/wp\/v2\/comments?post=57581"}],"wp:featuredmedia":[{"embeddable":true,"href":"https:\/\/www.mendoza.gov.ar\/catalogoeconomiasocial\/wp-json\/wp\/v2\/media\/57584"}],"wp:attachment":[{"href":"https:\/\/www.mendoza.gov.ar\/catalogoeconomiasocial\/wp-json\/wp\/v2\/media?parent=57581"}],"wp:term":[{"taxonomy":"product_cat","embeddable":true,"href":"https:\/\/www.mendoza.gov.ar\/catalogoeconomiasocial\/wp-json\/wp\/v2\/product_cat?post=57581"},{"taxonomy":"product_tag","embeddable":true,"href":"https:\/\/www.mendoza.gov.ar\/catalogoeconomiasocial\/wp-json\/wp\/v2\/product_tag?post=57581"}],"curies":[{"name":"wp","href":"https:\/\/api.w.org\/{rel}","templated":true}]}}