{"id":57662,"date":"2025-04-11T12:14:09","date_gmt":"2025-04-11T15:14:09","guid":{"rendered":"https:\/\/www.mendoza.gov.ar\/catalogoeconomiasocial\/?post_type=product&#038;p=57662"},"modified":"2025-04-11T12:14:09","modified_gmt":"2025-04-11T15:14:09","slug":"cartera-de-cuero-3","status":"publish","type":"product","link":"https:\/\/www.mendoza.gov.ar\/catalogoeconomiasocial\/producto\/cartera-de-cuero-3\/","title":{"rendered":"Cartera de Cuero"},"content":{"rendered":"<!DOCTYPE html PUBLIC \"-\/\/W3C\/\/DTD HTML 4.0 Transitional\/\/EN\" \"http:\/\/www.w3.org\/TR\/REC-html40\/loose.dtd\">\n\n","protected":false},"excerpt":{"rendered":"Est\u00e1n hechas a partir de cuero de vaca, curtido vegetal. Luego se pinta el cuero. Se cosen haciendo trenzas con tiento de cabra e hilos de cera.\r\n\r\nUna de las t\u00e9cnicas usadas es el repujado con cinceles, cuyas im\u00e1genes est\u00e1n pintadas con acr\u00edlico. Tambi\u00e9n se usa cuero crudo cosido con tela andina (aguayo).\r\n\r\nAccesorios: hebillas, tachas, remaches, broches.","protected":false},"featured_media":57668,"comment_status":"open","ping_status":"closed","template":"","meta":[],"product_cat":[5923,6098,6101],"product_tag":[979,1275,7752],"_links":{"self":[{"href":"https:\/\/www.mendoza.gov.ar\/catalogoeconomiasocial\/wp-json\/wp\/v2\/product\/57662"}],"collection":[{"href":"https:\/\/www.mendoza.gov.ar\/catalogoeconomiasocial\/wp-json\/wp\/v2\/product"}],"about":[{"href":"https:\/\/www.mendoza.gov.ar\/catalogoeconomiasocial\/wp-json\/wp\/v2\/types\/product"}],"replies":[{"embeddable":true,"href":"https:\/\/www.mendoza.gov.ar\/catalogoeconomiasocial\/wp-json\/wp\/v2\/comments?post=57662"}],"wp:featuredmedia":[{"embeddable":true,"href":"https:\/\/www.mendoza.gov.ar\/catalogoeconomiasocial\/wp-json\/wp\/v2\/media\/57668"}],"wp:attachment":[{"href":"https:\/\/www.mendoza.gov.ar\/catalogoeconomiasocial\/wp-json\/wp\/v2\/media?parent=57662"}],"wp:term":[{"taxonomy":"product_cat","embeddable":true,"href":"https:\/\/www.mendoza.gov.ar\/catalogoeconomiasocial\/wp-json\/wp\/v2\/product_cat?post=57662"},{"taxonomy":"product_tag","embeddable":true,"href":"https:\/\/www.mendoza.gov.ar\/catalogoeconomiasocial\/wp-json\/wp\/v2\/product_tag?post=57662"}],"curies":[{"name":"wp","href":"https:\/\/api.w.org\/{rel}","templated":true}]}}