{"id":57728,"date":"2025-04-14T11:22:18","date_gmt":"2025-04-14T14:22:18","guid":{"rendered":"https:\/\/www.mendoza.gov.ar\/catalogoeconomiasocial\/?post_type=product&#038;p=57728"},"modified":"2026-05-08T11:24:42","modified_gmt":"2026-05-08T14:24:42","slug":"barritas-de-cereal-granola-mix","status":"publish","type":"product","link":"https:\/\/www.mendoza.gov.ar\/catalogoeconomiasocial\/producto\/barritas-de-cereal-granola-mix\/","title":{"rendered":"Barritas de Cereal \u201cGranola Mix\u201d"},"content":{"rendered":"<!DOCTYPE html PUBLIC \"-\/\/W3C\/\/DTD HTML 4.0 Transitional\/\/EN\" \"http:\/\/www.w3.org\/TR\/REC-html40\/loose.dtd\">\n\n","protected":false},"excerpt":{"rendered":"<div class=\"Qr7Oae\" role=\"listitem\">\r\n<div class=\"OxAavc NVbRL\" data-required=\"true\" data-item-id=\"1939307960\">\r\n<div class=\"Ih4Dzb\">\r\n<div class=\"q4tvle JqSWld yqQS1\" tabindex=\"0\" role=\"textbox\" aria-label=\"Descripci\u00f3n del Producto\/Servicio 1\" aria-disabled=\"true\">DESCRIPCI\u00d3N: Barrita energ\u00e9tica de cereal y miel con mix de frutos secos, semillas y pasas de uva. PESO: 35 gr. INGREDIENTES: Avena, quinoa inflada, copos de ma\u00edz, miel, mantequilla de man\u00ed natural, az\u00facar mascabo, almendras y nueces activadas, coco rallado, arroz yaman\u00ed inflado, pasas de uva, clara de huevo, maca, semillas de lino, chia, manteca. MARIDAJE: Disfrutarla sola, con yogurt o batidos de fruta, como as\u00ed tambi\u00e9n con un buen caf\u00e9 o unos ricos mates. USOS: Ideal para d\u00edas movidos, podes llevarla con vos a donde sea. PROPIEDADES: El snack perfecto para quienes buscan bienestar y sabor en cada bocado. 100% natural y sin az\u00facares refinados. Alimento pr\u00e1ctico con alto valor energ\u00e9tico. Contiene fibras, prote\u00ednas y grasa saludables.<\/div>\r\n<\/div>\r\n<\/div>\r\n<\/div>\r\n<div class=\"Qr7Oae\" role=\"listitem\">\r\n<div class=\"OxAavc\" data-required=\"true\" data-other-input=\"qSV85\" data-other-hidden=\"MfYA1e\" data-item-id=\"1250903232\">\r\n<div class=\"pYfr3c\">\r\n<div class=\"prOLdf\">\r\n<div class=\"g53bl\">\r\n<div id=\"c1734\" class=\"cTDvob D1wxyf RjsPE\" role=\"heading\" aria-level=\"3\" aria-describedby=\"i.desc.1250903232 c1777\"><\/div>\r\n<\/div>\r\n<\/div>\r\n<\/div>\r\n<\/div>\r\n<\/div>","protected":false},"featured_media":61918,"comment_status":"open","ping_status":"closed","template":"","meta":[],"product_cat":[7242,6762,5946,5962,5963,5964],"product_tag":[7760,958,7759,6983],"_links":{"self":[{"href":"https:\/\/www.mendoza.gov.ar\/catalogoeconomiasocial\/wp-json\/wp\/v2\/product\/57728"}],"collection":[{"href":"https:\/\/www.mendoza.gov.ar\/catalogoeconomiasocial\/wp-json\/wp\/v2\/product"}],"about":[{"href":"https:\/\/www.mendoza.gov.ar\/catalogoeconomiasocial\/wp-json\/wp\/v2\/types\/product"}],"replies":[{"embeddable":true,"href":"https:\/\/www.mendoza.gov.ar\/catalogoeconomiasocial\/wp-json\/wp\/v2\/comments?post=57728"}],"wp:featuredmedia":[{"embeddable":true,"href":"https:\/\/www.mendoza.gov.ar\/catalogoeconomiasocial\/wp-json\/wp\/v2\/media\/61918"}],"wp:attachment":[{"href":"https:\/\/www.mendoza.gov.ar\/catalogoeconomiasocial\/wp-json\/wp\/v2\/media?parent=57728"}],"wp:term":[{"taxonomy":"product_cat","embeddable":true,"href":"https:\/\/www.mendoza.gov.ar\/catalogoeconomiasocial\/wp-json\/wp\/v2\/product_cat?post=57728"},{"taxonomy":"product_tag","embeddable":true,"href":"https:\/\/www.mendoza.gov.ar\/catalogoeconomiasocial\/wp-json\/wp\/v2\/product_tag?post=57728"}],"curies":[{"name":"wp","href":"https:\/\/api.w.org\/{rel}","templated":true}]}}