{"id":57732,"date":"2025-04-14T11:34:47","date_gmt":"2025-04-14T14:34:47","guid":{"rendered":"https:\/\/www.mendoza.gov.ar\/catalogoeconomiasocial\/?post_type=product&#038;p=57732"},"modified":"2026-05-08T11:41:02","modified_gmt":"2026-05-08T14:41:02","slug":"barrita-proteica-cocodelicia","status":"publish","type":"product","link":"https:\/\/www.mendoza.gov.ar\/catalogoeconomiasocial\/producto\/barrita-proteica-cocodelicia\/","title":{"rendered":"Barrita Proteica \u201cCocodelicia\u201d"},"content":{"rendered":"<!DOCTYPE html PUBLIC \"-\/\/W3C\/\/DTD HTML 4.0 Transitional\/\/EN\" \"http:\/\/www.w3.org\/TR\/REC-html40\/loose.dtd\">\n\n","protected":false},"excerpt":{"rendered":"<div class=\"Qr7Oae\" role=\"listitem\">\r\n<div class=\"OxAavc NVbRL\" data-item-id=\"1926622796\">\r\n<div class=\"Ih4Dzb\">\r\n<div class=\"q4tvle JqSWld yqQS1\" tabindex=\"0\" role=\"textbox\" aria-label=\"Descripci\u00f3n del Producto\/Servicio 2\" aria-disabled=\"true\">DESCRIPCI\u00d3N: Barrita proteica sabor a coco, elaborada a base de harina de coco y d\u00e1tiles, recubierta de chocolate con lluvia de coco rallado. PESO: 55 gr. INGREDIENTES: D\u00e1tiles, harina de coco, harina de almendras, harina de lentejas germinadas, harina de chia, coco rallado, miel, chocolate semiamargo, mantequilla de man\u00ed natural, maca, aceite de coco. MARIDAJE: Se puede comer sola, con caf\u00e9, yogur o batidos de fruta. USOS: Ideal para personas fitness y en movimiento. Complemento nutricional. Se puede consumir antes o despu\u00e9s de cada entrenamiento f\u00edsico para aportar potencia y vitalidad, como as\u00ed tambi\u00e9n ganar masa muscular. PROPIEDADES: Snack saludable elaborado con ingredientes de origen natural. Satisface la necesidad de comer algo rico y nutritivo en cualquier momento del d\u00eda. Alto contenido de prote\u00edna vegetal. No contiene gluten.<\/div>\r\n<\/div>\r\n<\/div>\r\n<\/div>\r\n<div class=\"Qr7Oae\" role=\"listitem\">\r\n<div class=\"OxAavc\" data-required=\"true\" data-other-input=\"qSV85\" data-other-hidden=\"MfYA1e\" data-item-id=\"1451857595\">\r\n<div class=\"pYfr3c\">\r\n<div class=\"prOLdf\">\r\n<div class=\"g53bl\">\r\n<div id=\"c1793\" class=\"cTDvob D1wxyf RjsPE\" role=\"heading\" aria-level=\"3\" aria-describedby=\"i.desc.1451857595 c1836\"><\/div>\r\n<\/div>\r\n<\/div>\r\n<\/div>\r\n<\/div>\r\n<\/div>","protected":false},"featured_media":61930,"comment_status":"open","ping_status":"closed","template":"","meta":[],"product_cat":[6762,5946,5962,5963,5964],"product_tag":[7761,6983],"_links":{"self":[{"href":"https:\/\/www.mendoza.gov.ar\/catalogoeconomiasocial\/wp-json\/wp\/v2\/product\/57732"}],"collection":[{"href":"https:\/\/www.mendoza.gov.ar\/catalogoeconomiasocial\/wp-json\/wp\/v2\/product"}],"about":[{"href":"https:\/\/www.mendoza.gov.ar\/catalogoeconomiasocial\/wp-json\/wp\/v2\/types\/product"}],"replies":[{"embeddable":true,"href":"https:\/\/www.mendoza.gov.ar\/catalogoeconomiasocial\/wp-json\/wp\/v2\/comments?post=57732"}],"wp:featuredmedia":[{"embeddable":true,"href":"https:\/\/www.mendoza.gov.ar\/catalogoeconomiasocial\/wp-json\/wp\/v2\/media\/61930"}],"wp:attachment":[{"href":"https:\/\/www.mendoza.gov.ar\/catalogoeconomiasocial\/wp-json\/wp\/v2\/media?parent=57732"}],"wp:term":[{"taxonomy":"product_cat","embeddable":true,"href":"https:\/\/www.mendoza.gov.ar\/catalogoeconomiasocial\/wp-json\/wp\/v2\/product_cat?post=57732"},{"taxonomy":"product_tag","embeddable":true,"href":"https:\/\/www.mendoza.gov.ar\/catalogoeconomiasocial\/wp-json\/wp\/v2\/product_tag?post=57732"}],"curies":[{"name":"wp","href":"https:\/\/api.w.org\/{rel}","templated":true}]}}