{"id":58291,"date":"2025-05-21T11:14:12","date_gmt":"2025-05-21T14:14:12","guid":{"rendered":"https:\/\/www.mendoza.gov.ar\/catalogoeconomiasocial\/?post_type=product&#038;p=58291"},"modified":"2025-05-21T11:14:13","modified_gmt":"2025-05-21T14:14:13","slug":"karategi-ambo-para-karate","status":"publish","type":"product","link":"https:\/\/www.mendoza.gov.ar\/catalogoeconomiasocial\/producto\/karategi-ambo-para-karate\/","title":{"rendered":"Karategi (Ambo para Karate)"},"content":{"rendered":"<!DOCTYPE html PUBLIC \"-\/\/W3C\/\/DTD HTML 4.0 Transitional\/\/EN\" \"http:\/\/www.w3.org\/TR\/REC-html40\/loose.dtd\">\n\n","protected":false},"excerpt":{"rendered":"<span data-huuid=\"13518997253776477799\">El &#8220;ambo&#8221; para karate se conoce como Karategi o Keikogi.\u00a0<\/span><span data-huuid=\"13518997253776476260\">Tambi\u00e9n se le puede llamar &#8220;gi&#8221;, que es la forma abreviada y el t\u00e9rmino gen\u00e9rico para el uniforme de las artes marciales japonesas.\u00a0<\/span><span data-huuid=\"13518997253776474721\">El karategi es la vestimenta tradicional que se usa para entrenar y competir en karate, y est\u00e1 compuesto por una chaqueta y pantalones.<span class=\"pjBG2e\" data-cid=\"dfc39326-37c9-4ab2-9750-019a0c534208\"><span class=\"UV3uM\">\u00a0<\/span><\/span><\/span>","protected":false},"featured_media":58297,"comment_status":"open","ping_status":"closed","template":"","meta":[],"product_cat":[5923,6100],"product_tag":[6336,7877,7878],"_links":{"self":[{"href":"https:\/\/www.mendoza.gov.ar\/catalogoeconomiasocial\/wp-json\/wp\/v2\/product\/58291"}],"collection":[{"href":"https:\/\/www.mendoza.gov.ar\/catalogoeconomiasocial\/wp-json\/wp\/v2\/product"}],"about":[{"href":"https:\/\/www.mendoza.gov.ar\/catalogoeconomiasocial\/wp-json\/wp\/v2\/types\/product"}],"replies":[{"embeddable":true,"href":"https:\/\/www.mendoza.gov.ar\/catalogoeconomiasocial\/wp-json\/wp\/v2\/comments?post=58291"}],"wp:featuredmedia":[{"embeddable":true,"href":"https:\/\/www.mendoza.gov.ar\/catalogoeconomiasocial\/wp-json\/wp\/v2\/media\/58297"}],"wp:attachment":[{"href":"https:\/\/www.mendoza.gov.ar\/catalogoeconomiasocial\/wp-json\/wp\/v2\/media?parent=58291"}],"wp:term":[{"taxonomy":"product_cat","embeddable":true,"href":"https:\/\/www.mendoza.gov.ar\/catalogoeconomiasocial\/wp-json\/wp\/v2\/product_cat?post=58291"},{"taxonomy":"product_tag","embeddable":true,"href":"https:\/\/www.mendoza.gov.ar\/catalogoeconomiasocial\/wp-json\/wp\/v2\/product_tag?post=58291"}],"curies":[{"name":"wp","href":"https:\/\/api.w.org\/{rel}","templated":true}]}}