{"id":58678,"date":"2025-07-31T08:59:17","date_gmt":"2025-07-31T11:59:17","guid":{"rendered":"https:\/\/www.mendoza.gov.ar\/catalogoeconomiasocial\/?post_type=product&#038;p=58678"},"modified":"2025-07-31T08:59:17","modified_gmt":"2025-07-31T11:59:17","slug":"recipientes-reciclados","status":"publish","type":"product","link":"https:\/\/www.mendoza.gov.ar\/catalogoeconomiasocial\/producto\/recipientes-reciclados\/","title":{"rendered":"Recipientes Reciclados"},"content":{"rendered":"<!DOCTYPE html PUBLIC \"-\/\/W3C\/\/DTD HTML 4.0 Transitional\/\/EN\" \"http:\/\/www.w3.org\/TR\/REC-html40\/loose.dtd\">\n\n","protected":false},"excerpt":{"rendered":"Los diversos materiales utilizados pueden ser desde cart\u00f3n, latas, pl\u00e1sticos, aluminio, corcho y todo material donde la imaginaci\u00f3n y creatividad puedan ejercerse con mucha est\u00e9tica. Se utilizan para adornarlos pinturas acr\u00edlicas, telas, perlas, puntillas, sogas etc todo aquello con lo que se pueda plasmar est\u00e9tica y belleza. Si siempre buscando la utilidad de los mismos. Se utilizan t\u00e9cnicas como decoupage, salpicado, cartapesta entre otras.","protected":false},"featured_media":58679,"comment_status":"open","ping_status":"closed","template":"","meta":[],"product_cat":[6046,6053,6525],"product_tag":[6594,7567,5612],"_links":{"self":[{"href":"https:\/\/www.mendoza.gov.ar\/catalogoeconomiasocial\/wp-json\/wp\/v2\/product\/58678"}],"collection":[{"href":"https:\/\/www.mendoza.gov.ar\/catalogoeconomiasocial\/wp-json\/wp\/v2\/product"}],"about":[{"href":"https:\/\/www.mendoza.gov.ar\/catalogoeconomiasocial\/wp-json\/wp\/v2\/types\/product"}],"replies":[{"embeddable":true,"href":"https:\/\/www.mendoza.gov.ar\/catalogoeconomiasocial\/wp-json\/wp\/v2\/comments?post=58678"}],"wp:featuredmedia":[{"embeddable":true,"href":"https:\/\/www.mendoza.gov.ar\/catalogoeconomiasocial\/wp-json\/wp\/v2\/media\/58679"}],"wp:attachment":[{"href":"https:\/\/www.mendoza.gov.ar\/catalogoeconomiasocial\/wp-json\/wp\/v2\/media?parent=58678"}],"wp:term":[{"taxonomy":"product_cat","embeddable":true,"href":"https:\/\/www.mendoza.gov.ar\/catalogoeconomiasocial\/wp-json\/wp\/v2\/product_cat?post=58678"},{"taxonomy":"product_tag","embeddable":true,"href":"https:\/\/www.mendoza.gov.ar\/catalogoeconomiasocial\/wp-json\/wp\/v2\/product_tag?post=58678"}],"curies":[{"name":"wp","href":"https:\/\/api.w.org\/{rel}","templated":true}]}}