{"id":58756,"date":"2025-08-15T09:03:52","date_gmt":"2025-08-15T12:03:52","guid":{"rendered":"https:\/\/www.mendoza.gov.ar\/catalogoeconomiasocial\/?post_type=product&#038;p=58756"},"modified":"2025-08-15T09:03:52","modified_gmt":"2025-08-15T12:03:52","slug":"bolso-porta-laptop","status":"publish","type":"product","link":"https:\/\/www.mendoza.gov.ar\/catalogoeconomiasocial\/producto\/bolso-porta-laptop\/","title":{"rendered":"Bolso Porta Laptop"},"content":{"rendered":"<!DOCTYPE html PUBLIC \"-\/\/W3C\/\/DTD HTML 4.0 Transitional\/\/EN\" \"http:\/\/www.w3.org\/TR\/REC-html40\/loose.dtd\">\n\n","protected":false},"excerpt":{"rendered":"<div class=\"lrKTG\">\r\n<div class=\"o3Dpx\" role=\"list\">\r\n<div class=\"Qr7Oae\" role=\"listitem\">\r\n<div class=\"OxAavc NVbRL\" data-item-id=\"1043065733\">\r\n<div class=\"Ih4Dzb\">\r\n<div class=\"q4tvle JqSWld yqQS1\" tabindex=\"0\" role=\"textbox\" aria-label=\"Observaciones.&lt;br&gt;1- Mencionar las t\u00e9cnicas que utiliza&lt;br&gt;2- Explicar si recicla materiales&lt;br&gt;3- En el caso de que ya no fabrique alg\u00fan producto que figura en su emprendimiento, por favor avisar para retirarlo del cat\u00e1logo.\" aria-disabled=\"true\">Utilizo maquina de coser de uso individual, no es maquina industrial. Los materiales no son reciclados y son accesibles en la zona de mendoza. Hace unos meses comenze talleres de cofeccion porque entendi que necesitaba desarrollar y aprender mas tecnicas de costura. Todo lo que se ha sido atravez de lo que he visto a mi madre coser durante los 18 a\u00f1os que vivi a su lado.<\/div>\r\n<\/div>\r\n<\/div>\r\n<\/div>\r\n<\/div>\r\n<\/div>","protected":false},"featured_media":58757,"comment_status":"open","ping_status":"closed","template":"","meta":[],"product_cat":[5923,6101],"product_tag":[967,6791,6441],"_links":{"self":[{"href":"https:\/\/www.mendoza.gov.ar\/catalogoeconomiasocial\/wp-json\/wp\/v2\/product\/58756"}],"collection":[{"href":"https:\/\/www.mendoza.gov.ar\/catalogoeconomiasocial\/wp-json\/wp\/v2\/product"}],"about":[{"href":"https:\/\/www.mendoza.gov.ar\/catalogoeconomiasocial\/wp-json\/wp\/v2\/types\/product"}],"replies":[{"embeddable":true,"href":"https:\/\/www.mendoza.gov.ar\/catalogoeconomiasocial\/wp-json\/wp\/v2\/comments?post=58756"}],"wp:featuredmedia":[{"embeddable":true,"href":"https:\/\/www.mendoza.gov.ar\/catalogoeconomiasocial\/wp-json\/wp\/v2\/media\/58757"}],"wp:attachment":[{"href":"https:\/\/www.mendoza.gov.ar\/catalogoeconomiasocial\/wp-json\/wp\/v2\/media?parent=58756"}],"wp:term":[{"taxonomy":"product_cat","embeddable":true,"href":"https:\/\/www.mendoza.gov.ar\/catalogoeconomiasocial\/wp-json\/wp\/v2\/product_cat?post=58756"},{"taxonomy":"product_tag","embeddable":true,"href":"https:\/\/www.mendoza.gov.ar\/catalogoeconomiasocial\/wp-json\/wp\/v2\/product_tag?post=58756"}],"curies":[{"name":"wp","href":"https:\/\/api.w.org\/{rel}","templated":true}]}}