{"id":58764,"date":"2025-08-18T09:38:15","date_gmt":"2025-08-18T12:38:15","guid":{"rendered":"https:\/\/www.mendoza.gov.ar\/catalogoeconomiasocial\/?post_type=product&#038;p=58764"},"modified":"2025-08-18T10:09:27","modified_gmt":"2025-08-18T13:09:27","slug":"mini-jardines","status":"publish","type":"product","link":"https:\/\/www.mendoza.gov.ar\/catalogoeconomiasocial\/producto\/mini-jardines\/","title":{"rendered":"Mini Jardines"},"content":{"rendered":"<!DOCTYPE html PUBLIC \"-\/\/W3C\/\/DTD HTML 4.0 Transitional\/\/EN\" \"http:\/\/www.w3.org\/TR\/REC-html40\/loose.dtd\">\n\n","protected":false},"excerpt":{"rendered":"<div class=\"Qr7Oae\" role=\"listitem\">\r\n<div class=\"OxAavc NVbRL\" data-item-id=\"1926622796\">\r\n<div class=\"Ih4Dzb\">\r\n<div class=\"q4tvle JqSWld yqQS1\" tabindex=\"0\" role=\"textbox\" aria-label=\"Descripci\u00f3n del Producto\/Servicio 2. Recuerde que es muy \u00fatil que describa las caracter\u00edsticas del producto o servicio de forma completa. Por ej: material en el que lo fabrica, medidas, proceso, etc.\" aria-disabled=\"true\">\r\n<div class=\"Qr7Oae\" role=\"listitem\">\r\n<div class=\"OxAavc NVbRL\" data-item-id=\"1292094439\">\r\n<div class=\"xMZTse Ih4Dzb\">\r\n<div tabindex=\"0\" role=\"textbox\" aria-describedby=\"c786\" aria-label=\"Nombre del Producto\/Servicio 2\" aria-disabled=\"true\">\r\n<div class=\"Qr7Oae\" role=\"listitem\">\r\n<div class=\"OxAavc NVbRL\" data-required=\"true\" data-item-id=\"1128816967\">\r\n<div class=\"xMZTse Ih4Dzb\">\r\n<div class=\"Mh5jwe JqSWld yqQS1\" tabindex=\"0\" role=\"textbox\" aria-describedby=\"c770\" aria-label=\"Nombre del Producto\/Servicio 1\" aria-disabled=\"true\">Minijardines en cuencos juje\u00f1os<\/div>\r\n<div tabindex=\"0\" role=\"textbox\" aria-describedby=\"c770\" aria-label=\"Nombre del Producto\/Servicio 1\" aria-disabled=\"true\">\r\n<div class=\"Qr7Oae\" role=\"listitem\">\r\n<div class=\"OxAavc NVbRL\" data-required=\"true\" data-item-id=\"1939307960\">\r\n<div class=\"Ih4Dzb\">\r\n<div class=\"q4tvle JqSWld yqQS1\" tabindex=\"0\" role=\"textbox\" aria-label=\"Descripci\u00f3n del Producto\/Servicio 1. Recuerde que es muy \u00fatil que describa las caracter\u00edsticas del producto o servicio de forma completa. Por ej: material en el que lo fabrica, medidas, proceso, etc.\" aria-disabled=\"true\">Utilizo cuencos y macetas de peque\u00f1o tama\u00f1o, claros y oscuros, donde coloco sustrato especial para suculentas. Y selecciono de mi mini vivero, aquellas suculentas que sean propicias para formar un paisaje de acuerdo a su color y tama\u00f1o, dentro del cuenco elegido.<\/div>\r\n<\/div>\r\n<\/div>\r\n<\/div>\r\n<div class=\"Qr7Oae\" role=\"listitem\">\r\n<div class=\"OxAavc\" data-required=\"true\" data-input=\"L9xHkb\" data-item-id=\"770889066\">\r\n<div class=\"pYfr3c\">\r\n<div class=\"prOLdf\">\r\n<div class=\"g53bl\">\r\n<div id=\"c777\" class=\"cTDvob D1wxyf RjsPE\" role=\"heading\" aria-level=\"3\" aria-describedby=\"i.desc.770889066 c781\"><\/div>\r\n<\/div>\r\n<\/div>\r\n<\/div>\r\n<\/div>\r\n<\/div>\r\n<\/div>\r\n<\/div>\r\n<\/div>\r\n<\/div>\r\n<\/div>\r\n<div class=\"Mh5jwe JqSWld yqQS1\" tabindex=\"0\" role=\"textbox\" aria-describedby=\"c786\" aria-label=\"Nombre del Producto\/Servicio 2\" aria-disabled=\"true\">Minijardines acu\u00e1ticos<\/div>\r\n<\/div>\r\n<\/div>\r\n<\/div>\r\nUtilizo cuencos de vidrio y otros recipientes de vidrio para que la planta acu\u00e1tica se luzca mejor. Tbn incorporo piedras volc\u00e1nicas para que no le pesen ni da\u00f1en a la ra\u00edz y al final le coloco piedras peque\u00f1as de cuerpo para darle firmeza a las piedras volc\u00e1nicas superiores as\u00ed, no flotan.\r\n\r\n<\/div>\r\n<\/div>\r\n<\/div>\r\n<\/div>\r\n<div class=\"Qr7Oae\" role=\"listitem\">\r\n<div class=\"OxAavc\" data-input=\"L9xHkb\" data-item-id=\"807887054\">\r\n<div class=\"pYfr3c\">\r\n<div class=\"prOLdf\">\r\n<div class=\"g53bl\">\r\n<div id=\"c791\" class=\"cTDvob D1wxyf RjsPE\" role=\"heading\" aria-level=\"3\" aria-describedby=\"i.desc.807887054\"><\/div>\r\n<\/div>\r\n<\/div>\r\n<\/div>\r\n<\/div>\r\n<\/div>","protected":false},"featured_media":58765,"comment_status":"open","ping_status":"closed","template":"","meta":[],"product_cat":[6046,6080,6081],"product_tag":[1072,707,7946],"_links":{"self":[{"href":"https:\/\/www.mendoza.gov.ar\/catalogoeconomiasocial\/wp-json\/wp\/v2\/product\/58764"}],"collection":[{"href":"https:\/\/www.mendoza.gov.ar\/catalogoeconomiasocial\/wp-json\/wp\/v2\/product"}],"about":[{"href":"https:\/\/www.mendoza.gov.ar\/catalogoeconomiasocial\/wp-json\/wp\/v2\/types\/product"}],"replies":[{"embeddable":true,"href":"https:\/\/www.mendoza.gov.ar\/catalogoeconomiasocial\/wp-json\/wp\/v2\/comments?post=58764"}],"wp:featuredmedia":[{"embeddable":true,"href":"https:\/\/www.mendoza.gov.ar\/catalogoeconomiasocial\/wp-json\/wp\/v2\/media\/58765"}],"wp:attachment":[{"href":"https:\/\/www.mendoza.gov.ar\/catalogoeconomiasocial\/wp-json\/wp\/v2\/media?parent=58764"}],"wp:term":[{"taxonomy":"product_cat","embeddable":true,"href":"https:\/\/www.mendoza.gov.ar\/catalogoeconomiasocial\/wp-json\/wp\/v2\/product_cat?post=58764"},{"taxonomy":"product_tag","embeddable":true,"href":"https:\/\/www.mendoza.gov.ar\/catalogoeconomiasocial\/wp-json\/wp\/v2\/product_tag?post=58764"}],"curies":[{"name":"wp","href":"https:\/\/api.w.org\/{rel}","templated":true}]}}