{"id":58964,"date":"2025-08-26T11:46:38","date_gmt":"2025-08-26T14:46:38","guid":{"rendered":"https:\/\/www.mendoza.gov.ar\/catalogoeconomiasocial\/?post_type=product&#038;p=58964"},"modified":"2025-08-26T11:48:59","modified_gmt":"2025-08-26T14:48:59","slug":"velas-aromaticas-2","status":"publish","type":"product","link":"https:\/\/www.mendoza.gov.ar\/catalogoeconomiasocial\/producto\/velas-aromaticas-2\/","title":{"rendered":"Velas Arom\u00e1ticas"},"content":{"rendered":"<!DOCTYPE html PUBLIC \"-\/\/W3C\/\/DTD HTML 4.0 Transitional\/\/EN\" \"http:\/\/www.w3.org\/TR\/REC-html40\/loose.dtd\">\n\n","protected":false},"excerpt":{"rendered":"Velas elaboradas con cera de soja 100% natural, biodegradable, mechas de algod\u00f3n y fragancias cuidadosamente seleccionadas. Su combusti\u00f3n es lenta y limpia, ofreciendo m\u00e1s horas de luz y aroma sin humo. Cada vela es vertida a mano y curada el tiempo necesario para lograr una fragancia envolvente y una combusti\u00f3n pareja. Variedad de dise\u00f1os y medidas, dise\u00f1adas para iluminar, aromatizar y aportar calidez a cada espacio.","protected":false},"featured_media":58970,"comment_status":"open","ping_status":"closed","template":"","meta":[],"product_cat":[6046,6053,6058,6067,6076],"product_tag":[322,1479,7083,7115,821,5612,6654],"_links":{"self":[{"href":"https:\/\/www.mendoza.gov.ar\/catalogoeconomiasocial\/wp-json\/wp\/v2\/product\/58964"}],"collection":[{"href":"https:\/\/www.mendoza.gov.ar\/catalogoeconomiasocial\/wp-json\/wp\/v2\/product"}],"about":[{"href":"https:\/\/www.mendoza.gov.ar\/catalogoeconomiasocial\/wp-json\/wp\/v2\/types\/product"}],"replies":[{"embeddable":true,"href":"https:\/\/www.mendoza.gov.ar\/catalogoeconomiasocial\/wp-json\/wp\/v2\/comments?post=58964"}],"wp:featuredmedia":[{"embeddable":true,"href":"https:\/\/www.mendoza.gov.ar\/catalogoeconomiasocial\/wp-json\/wp\/v2\/media\/58970"}],"wp:attachment":[{"href":"https:\/\/www.mendoza.gov.ar\/catalogoeconomiasocial\/wp-json\/wp\/v2\/media?parent=58964"}],"wp:term":[{"taxonomy":"product_cat","embeddable":true,"href":"https:\/\/www.mendoza.gov.ar\/catalogoeconomiasocial\/wp-json\/wp\/v2\/product_cat?post=58964"},{"taxonomy":"product_tag","embeddable":true,"href":"https:\/\/www.mendoza.gov.ar\/catalogoeconomiasocial\/wp-json\/wp\/v2\/product_tag?post=58964"}],"curies":[{"name":"wp","href":"https:\/\/api.w.org\/{rel}","templated":true}]}}