{"id":59008,"date":"2025-08-29T10:12:14","date_gmt":"2025-08-29T13:12:14","guid":{"rendered":"https:\/\/www.mendoza.gov.ar\/catalogoeconomiasocial\/?post_type=product&#038;p=59008"},"modified":"2025-08-29T10:12:14","modified_gmt":"2025-08-29T13:12:14","slug":"vino-bonarda-del-contratista","status":"publish","type":"product","link":"https:\/\/www.mendoza.gov.ar\/catalogoeconomiasocial\/producto\/vino-bonarda-del-contratista\/","title":{"rendered":"Vino Bonarda del Contratista"},"content":{"rendered":"<!DOCTYPE html PUBLIC \"-\/\/W3C\/\/DTD HTML 4.0 Transitional\/\/EN\" \"http:\/\/www.w3.org\/TR\/REC-html40\/loose.dtd\">\n\n","protected":false},"excerpt":{"rendered":"\ud83c\udf77 Vino Tinto Bonarda \u2013 Del Contratista Un vino que honra la tradici\u00f3n mendocina y el trabajo de quienes d\u00eda a d\u00eda cuidan la vi\u00f1a. Elaborado con uvas Bonarda seleccionadas, presenta un color rojo intenso con reflejos viol\u00e1ceos. En nariz se destacan notas de frutos rojos maduros, sutiles toques especiados y un fondo ligeramente ahumado. En boca es suave, redondo y equilibrado, con taninos amables y un final persistente. \ud83d\udc49 Varietal: Bonarda \ud83d\udc49 Origen: Mendoza, Argentina \ud83d\udc49 Maridaje ideal: pastas con salsas intensas, carnes rojas, quesos estacionados. Del Contratista: un vino que celebra la esencia del terru\u00f1o mendocino.","protected":false},"featured_media":59009,"comment_status":"open","ping_status":"closed","template":"","meta":[],"product_cat":[5946,6002,6003,6005],"product_tag":[7968,1193],"_links":{"self":[{"href":"https:\/\/www.mendoza.gov.ar\/catalogoeconomiasocial\/wp-json\/wp\/v2\/product\/59008"}],"collection":[{"href":"https:\/\/www.mendoza.gov.ar\/catalogoeconomiasocial\/wp-json\/wp\/v2\/product"}],"about":[{"href":"https:\/\/www.mendoza.gov.ar\/catalogoeconomiasocial\/wp-json\/wp\/v2\/types\/product"}],"replies":[{"embeddable":true,"href":"https:\/\/www.mendoza.gov.ar\/catalogoeconomiasocial\/wp-json\/wp\/v2\/comments?post=59008"}],"wp:featuredmedia":[{"embeddable":true,"href":"https:\/\/www.mendoza.gov.ar\/catalogoeconomiasocial\/wp-json\/wp\/v2\/media\/59009"}],"wp:attachment":[{"href":"https:\/\/www.mendoza.gov.ar\/catalogoeconomiasocial\/wp-json\/wp\/v2\/media?parent=59008"}],"wp:term":[{"taxonomy":"product_cat","embeddable":true,"href":"https:\/\/www.mendoza.gov.ar\/catalogoeconomiasocial\/wp-json\/wp\/v2\/product_cat?post=59008"},{"taxonomy":"product_tag","embeddable":true,"href":"https:\/\/www.mendoza.gov.ar\/catalogoeconomiasocial\/wp-json\/wp\/v2\/product_tag?post=59008"}],"curies":[{"name":"wp","href":"https:\/\/api.w.org\/{rel}","templated":true}]}}