{"id":59018,"date":"2025-08-29T11:11:21","date_gmt":"2025-08-29T14:11:21","guid":{"rendered":"https:\/\/www.mendoza.gov.ar\/catalogoeconomiasocial\/?post_type=product&#038;p=59018"},"modified":"2025-08-29T11:13:10","modified_gmt":"2025-08-29T14:13:10","slug":"vasijas","status":"publish","type":"product","link":"https:\/\/www.mendoza.gov.ar\/catalogoeconomiasocial\/producto\/vasijas\/","title":{"rendered":"Vasijas"},"content":{"rendered":"<!DOCTYPE html PUBLIC \"-\/\/W3C\/\/DTD HTML 4.0 Transitional\/\/EN\" \"http:\/\/www.w3.org\/TR\/REC-html40\/loose.dtd\">\n\n","protected":false},"excerpt":{"rendered":"Preparo mis propias pastas y esmaltes en base a algunos materiales que obtengo de la monta\u00f1a y otros que compro en la minera. Uso t\u00e9cnicas manuales y de torno para el modelado de las piezas.\r\n\r\nLos modelos, tama\u00f1os y terminaciones son diversas. No tengo productos estandarizados. Trabajo de forma artesanal y creativa, eso hace din\u00e1mico el resultado final. Puedo hacer piezas a pedido siempre se respete mis t\u00e9cnicas y linea est\u00e9tica. Aplic\u00f3 diversas t\u00e9cnicas para las terminaciones. Bru\u00f1ido, esmaltado, raku tradicional, obvara y de crin.\r\n\r\nTodas las piezas son horneadas a le\u00f1a: Mates, tazas,tacitas, platos y platitos, saleros\u00a0 y cuencos.","protected":false},"featured_media":59020,"comment_status":"open","ping_status":"closed","template":"","meta":[],"product_cat":[7242,6762,6046,6053,6525,6056],"product_tag":[6638,985,303,1089],"_links":{"self":[{"href":"https:\/\/www.mendoza.gov.ar\/catalogoeconomiasocial\/wp-json\/wp\/v2\/product\/59018"}],"collection":[{"href":"https:\/\/www.mendoza.gov.ar\/catalogoeconomiasocial\/wp-json\/wp\/v2\/product"}],"about":[{"href":"https:\/\/www.mendoza.gov.ar\/catalogoeconomiasocial\/wp-json\/wp\/v2\/types\/product"}],"replies":[{"embeddable":true,"href":"https:\/\/www.mendoza.gov.ar\/catalogoeconomiasocial\/wp-json\/wp\/v2\/comments?post=59018"}],"wp:featuredmedia":[{"embeddable":true,"href":"https:\/\/www.mendoza.gov.ar\/catalogoeconomiasocial\/wp-json\/wp\/v2\/media\/59020"}],"wp:attachment":[{"href":"https:\/\/www.mendoza.gov.ar\/catalogoeconomiasocial\/wp-json\/wp\/v2\/media?parent=59018"}],"wp:term":[{"taxonomy":"product_cat","embeddable":true,"href":"https:\/\/www.mendoza.gov.ar\/catalogoeconomiasocial\/wp-json\/wp\/v2\/product_cat?post=59018"},{"taxonomy":"product_tag","embeddable":true,"href":"https:\/\/www.mendoza.gov.ar\/catalogoeconomiasocial\/wp-json\/wp\/v2\/product_tag?post=59018"}],"curies":[{"name":"wp","href":"https:\/\/api.w.org\/{rel}","templated":true}]}}