{"id":59026,"date":"2025-08-29T12:01:51","date_gmt":"2025-08-29T15:01:51","guid":{"rendered":"https:\/\/www.mendoza.gov.ar\/catalogoeconomiasocial\/?post_type=product&#038;p=59026"},"modified":"2025-08-29T12:01:51","modified_gmt":"2025-08-29T15:01:51","slug":"vino-malbec-reserva","status":"publish","type":"product","link":"https:\/\/www.mendoza.gov.ar\/catalogoeconomiasocial\/producto\/vino-malbec-reserva\/","title":{"rendered":"Vino Malbec Reserva"},"content":{"rendered":"<!DOCTYPE html PUBLIC \"-\/\/W3C\/\/DTD HTML 4.0 Transitional\/\/EN\" \"http:\/\/www.w3.org\/TR\/REC-html40\/loose.dtd\">\n\n","protected":false},"excerpt":{"rendered":"<strong>Malbec Reserva EL VISTAFLORINO<\/strong>\r\n\r\nCosecha: 2023\r\n\r\nVie\u00f1dos: finca The Vines of Mendoza ubicada en Los Chacayes, Valle de Uco a 1100 msnm\r\n\r\nCosecha manual en cajas de 20 kg\r\n\r\nFermentaci\u00f3n: en bins plasticos de 500 Kg a temperatura de 18 a 24 grados Celcius durante 15 a 20 d\u00edas .\r\n\r\nMaceracion post fermentativa luego de finalizada la fermentaci\u00f3n alcoh\u00f3lica de 2-3 d\u00edas con sus pieles\r\n\r\nA\u00f1ejamiento en barricas de roble franc\u00e9s tercer uso durante 12 meses.\r\n\r\nFraccionamiento con llenadora de 4 picos manual en febrero del 2023 \u201checho con pocas manos y mucho amor\u201d\r\n\r\nGracias \ud83c\udf77","protected":false},"featured_media":59029,"comment_status":"open","ping_status":"closed","template":"","meta":[],"product_cat":[5946,6002,6003,6005],"product_tag":[7968,1193],"_links":{"self":[{"href":"https:\/\/www.mendoza.gov.ar\/catalogoeconomiasocial\/wp-json\/wp\/v2\/product\/59026"}],"collection":[{"href":"https:\/\/www.mendoza.gov.ar\/catalogoeconomiasocial\/wp-json\/wp\/v2\/product"}],"about":[{"href":"https:\/\/www.mendoza.gov.ar\/catalogoeconomiasocial\/wp-json\/wp\/v2\/types\/product"}],"replies":[{"embeddable":true,"href":"https:\/\/www.mendoza.gov.ar\/catalogoeconomiasocial\/wp-json\/wp\/v2\/comments?post=59026"}],"wp:featuredmedia":[{"embeddable":true,"href":"https:\/\/www.mendoza.gov.ar\/catalogoeconomiasocial\/wp-json\/wp\/v2\/media\/59029"}],"wp:attachment":[{"href":"https:\/\/www.mendoza.gov.ar\/catalogoeconomiasocial\/wp-json\/wp\/v2\/media?parent=59026"}],"wp:term":[{"taxonomy":"product_cat","embeddable":true,"href":"https:\/\/www.mendoza.gov.ar\/catalogoeconomiasocial\/wp-json\/wp\/v2\/product_cat?post=59026"},{"taxonomy":"product_tag","embeddable":true,"href":"https:\/\/www.mendoza.gov.ar\/catalogoeconomiasocial\/wp-json\/wp\/v2\/product_tag?post=59026"}],"curies":[{"name":"wp","href":"https:\/\/api.w.org\/{rel}","templated":true}]}}