{"id":59063,"date":"2025-09-03T09:43:03","date_gmt":"2025-09-03T12:43:03","guid":{"rendered":"https:\/\/www.mendoza.gov.ar\/catalogoeconomiasocial\/?post_type=product&#038;p=59063"},"modified":"2025-09-03T09:43:04","modified_gmt":"2025-09-03T12:43:04","slug":"taza-personalizada","status":"publish","type":"product","link":"https:\/\/www.mendoza.gov.ar\/catalogoeconomiasocial\/producto\/taza-personalizada\/","title":{"rendered":"Taza Personalizada"},"content":{"rendered":"<!DOCTYPE html PUBLIC \"-\/\/W3C\/\/DTD HTML 4.0 Transitional\/\/EN\" \"http:\/\/www.w3.org\/TR\/REC-html40\/loose.dtd\">\n\n","protected":false},"excerpt":{"rendered":"La Taza Campo cafe es una pieza artesanal elaborada en cer\u00e1mica mediante la t\u00e9cnica de vaciado en molde. Para su fabricaci\u00f3n se utiliza barbotina (arcilla l\u00edquida), que se vierte en el molde hasta lograr el grosor adecuado. Una vez alcanzado el punto de secado necesario, se procede al desmolde. El molde utilizado es liso, por lo que todos los detalles decorativos se realizan a mano, lo que convierte a cada taza en una pieza \u00fanica. Tras el secado, se aplica engobe pintado a mano, lo que aporta color y car\u00e1cter a la superficie. En este caso esta taza fue un pedido para un local y decidimos que sea con el logo, as\u00ed cada taza esta pintada a mano con pincel. Posteriormente, la pieza pasa a una primera cocci\u00f3n a 1010 \u00b0C para obtener el bizcocho cer\u00e1mico. En esta etapa, se esmalta el interior con esmalte apto para uso alimenticio y se aplica un esmalte transparente en el exterior para proteger y realzar el acabado. Finalmente, se realiza una segunda cocci\u00f3n a 1050 \u00b0C, que otorga resistencia y durabilidad al producto. El resultado es una taza resistente, de uso utilitario, apta para microondas, y pensada tanto para acompa\u00f1ar momentos cotidianos como para lucirse como un objeto decorativo con valor artesanal.","protected":false},"featured_media":59064,"comment_status":"open","ping_status":"closed","template":"","meta":[],"product_cat":[6046,6053,6056],"product_tag":[7150,7083,839],"_links":{"self":[{"href":"https:\/\/www.mendoza.gov.ar\/catalogoeconomiasocial\/wp-json\/wp\/v2\/product\/59063"}],"collection":[{"href":"https:\/\/www.mendoza.gov.ar\/catalogoeconomiasocial\/wp-json\/wp\/v2\/product"}],"about":[{"href":"https:\/\/www.mendoza.gov.ar\/catalogoeconomiasocial\/wp-json\/wp\/v2\/types\/product"}],"replies":[{"embeddable":true,"href":"https:\/\/www.mendoza.gov.ar\/catalogoeconomiasocial\/wp-json\/wp\/v2\/comments?post=59063"}],"wp:featuredmedia":[{"embeddable":true,"href":"https:\/\/www.mendoza.gov.ar\/catalogoeconomiasocial\/wp-json\/wp\/v2\/media\/59064"}],"wp:attachment":[{"href":"https:\/\/www.mendoza.gov.ar\/catalogoeconomiasocial\/wp-json\/wp\/v2\/media?parent=59063"}],"wp:term":[{"taxonomy":"product_cat","embeddable":true,"href":"https:\/\/www.mendoza.gov.ar\/catalogoeconomiasocial\/wp-json\/wp\/v2\/product_cat?post=59063"},{"taxonomy":"product_tag","embeddable":true,"href":"https:\/\/www.mendoza.gov.ar\/catalogoeconomiasocial\/wp-json\/wp\/v2\/product_tag?post=59063"}],"curies":[{"name":"wp","href":"https:\/\/api.w.org\/{rel}","templated":true}]}}