{"id":59107,"date":"2025-09-12T10:00:40","date_gmt":"2025-09-12T13:00:40","guid":{"rendered":"https:\/\/www.mendoza.gov.ar\/catalogoeconomiasocial\/?post_type=product&#038;p=59107"},"modified":"2025-09-12T10:00:40","modified_gmt":"2025-09-12T13:00:40","slug":"sweater-a-crochet-3","status":"publish","type":"product","link":"https:\/\/www.mendoza.gov.ar\/catalogoeconomiasocial\/producto\/sweater-a-crochet-3\/","title":{"rendered":"Sweater a Crochet"},"content":{"rendered":"<!DOCTYPE html PUBLIC \"-\/\/W3C\/\/DTD HTML 4.0 Transitional\/\/EN\" \"http:\/\/www.w3.org\/TR\/REC-html40\/loose.dtd\">\n\n","protected":false},"excerpt":{"rendered":"Tejo desde muy ni\u00f1a, estudiante universitaria vend\u00eda tejidos a negocios. Ejerci mi profesi\u00f3n la cual dej\u00e9 y comenc\u00e9 a dise\u00f1ar y producir colecciones para negocios con varios puntos de venta. 15 a\u00f1os opt\u00e9 por venta directa incorporando a circuitos de ferias. Sigo interesado en obtener mayor conocimiento as\u00ed mejorar mis tejidos. Incluyo m\u00e1s t\u00e9cnicas propias del tejido e incorporo m\u00e1s variedad de productos. Mi objetivo actua es lograr que se reconozca el verdadero valor de un producto artesanal; dedicaci\u00f3n y esmero al elegir dise\u00f1o, materiales, t\u00e9cnica lo m\u00e1s cuidada.","protected":false},"featured_media":59111,"comment_status":"open","ping_status":"closed","template":"","meta":[],"product_cat":[5923,6100,1290],"product_tag":[282,1467,1460,843],"_links":{"self":[{"href":"https:\/\/www.mendoza.gov.ar\/catalogoeconomiasocial\/wp-json\/wp\/v2\/product\/59107"}],"collection":[{"href":"https:\/\/www.mendoza.gov.ar\/catalogoeconomiasocial\/wp-json\/wp\/v2\/product"}],"about":[{"href":"https:\/\/www.mendoza.gov.ar\/catalogoeconomiasocial\/wp-json\/wp\/v2\/types\/product"}],"replies":[{"embeddable":true,"href":"https:\/\/www.mendoza.gov.ar\/catalogoeconomiasocial\/wp-json\/wp\/v2\/comments?post=59107"}],"wp:featuredmedia":[{"embeddable":true,"href":"https:\/\/www.mendoza.gov.ar\/catalogoeconomiasocial\/wp-json\/wp\/v2\/media\/59111"}],"wp:attachment":[{"href":"https:\/\/www.mendoza.gov.ar\/catalogoeconomiasocial\/wp-json\/wp\/v2\/media?parent=59107"}],"wp:term":[{"taxonomy":"product_cat","embeddable":true,"href":"https:\/\/www.mendoza.gov.ar\/catalogoeconomiasocial\/wp-json\/wp\/v2\/product_cat?post=59107"},{"taxonomy":"product_tag","embeddable":true,"href":"https:\/\/www.mendoza.gov.ar\/catalogoeconomiasocial\/wp-json\/wp\/v2\/product_tag?post=59107"}],"curies":[{"name":"wp","href":"https:\/\/api.w.org\/{rel}","templated":true}]}}