{"id":59149,"date":"2025-09-12T11:26:40","date_gmt":"2025-09-12T14:26:40","guid":{"rendered":"https:\/\/www.mendoza.gov.ar\/catalogoeconomiasocial\/?post_type=product&#038;p=59149"},"modified":"2025-09-12T11:26:40","modified_gmt":"2025-09-12T14:26:40","slug":"mates-de-algarrobo-2","status":"publish","type":"product","link":"https:\/\/www.mendoza.gov.ar\/catalogoeconomiasocial\/producto\/mates-de-algarrobo-2\/","title":{"rendered":"Mates de Algarrobo"},"content":{"rendered":"<!DOCTYPE html PUBLIC \"-\/\/W3C\/\/DTD HTML 4.0 Transitional\/\/EN\" \"http:\/\/www.w3.org\/TR\/REC-html40\/loose.dtd\">\n\n","protected":false},"excerpt":{"rendered":"Estos productos son mates de algarrobo pintados a mano. A los mismos, antes de pintarlos, se les realiza a la madera el tratamiento correspondiente para asegurarme de que puedan ser usados con alimentos (yerba y az\u00facar). Todos las pinturas y lacas son al agua, por lo tanto no perjudiciales para la salud. En cuanto a los mates de cer\u00e1mica son esmaltados por dentro y pintados por fuera, algunos con acr\u00edlicos, otros con los esmaltes cer\u00e1micos y otros quedan r\u00fasticos.","protected":false},"featured_media":59150,"comment_status":"open","ping_status":"closed","template":"","meta":[],"product_cat":[6046,6053,6525,6054],"product_tag":[],"_links":{"self":[{"href":"https:\/\/www.mendoza.gov.ar\/catalogoeconomiasocial\/wp-json\/wp\/v2\/product\/59149"}],"collection":[{"href":"https:\/\/www.mendoza.gov.ar\/catalogoeconomiasocial\/wp-json\/wp\/v2\/product"}],"about":[{"href":"https:\/\/www.mendoza.gov.ar\/catalogoeconomiasocial\/wp-json\/wp\/v2\/types\/product"}],"replies":[{"embeddable":true,"href":"https:\/\/www.mendoza.gov.ar\/catalogoeconomiasocial\/wp-json\/wp\/v2\/comments?post=59149"}],"wp:featuredmedia":[{"embeddable":true,"href":"https:\/\/www.mendoza.gov.ar\/catalogoeconomiasocial\/wp-json\/wp\/v2\/media\/59150"}],"wp:attachment":[{"href":"https:\/\/www.mendoza.gov.ar\/catalogoeconomiasocial\/wp-json\/wp\/v2\/media?parent=59149"}],"wp:term":[{"taxonomy":"product_cat","embeddable":true,"href":"https:\/\/www.mendoza.gov.ar\/catalogoeconomiasocial\/wp-json\/wp\/v2\/product_cat?post=59149"},{"taxonomy":"product_tag","embeddable":true,"href":"https:\/\/www.mendoza.gov.ar\/catalogoeconomiasocial\/wp-json\/wp\/v2\/product_tag?post=59149"}],"curies":[{"name":"wp","href":"https:\/\/api.w.org\/{rel}","templated":true}]}}