{"id":59166,"date":"2025-09-15T11:32:38","date_gmt":"2025-09-15T14:32:38","guid":{"rendered":"https:\/\/www.mendoza.gov.ar\/catalogoeconomiasocial\/?post_type=product&#038;p=59166"},"modified":"2025-09-15T11:32:39","modified_gmt":"2025-09-15T14:32:39","slug":"tabla-pizera","status":"publish","type":"product","link":"https:\/\/www.mendoza.gov.ar\/catalogoeconomiasocial\/producto\/tabla-pizera\/","title":{"rendered":"Tabla Pizera"},"content":{"rendered":"<!DOCTYPE html PUBLIC \"-\/\/W3C\/\/DTD HTML 4.0 Transitional\/\/EN\" \"http:\/\/www.w3.org\/TR\/REC-html40\/loose.dtd\">\n\n","protected":false},"excerpt":{"rendered":"<div class=\"Qr7Oae\" role=\"listitem\">\r\n<div class=\"OxAavc NVbRL\" data-item-id=\"76476198\">\r\n<div class=\"Ih4Dzb\">\r\n<div class=\"q4tvle JqSWld yqQS1\" tabindex=\"0\" role=\"textbox\" aria-label=\"Descripci\u00f3n del Producto\/Servicio 3.   Recuerde que es muy \u00fatil que describa las caracter\u00edsticas del producto o servicio de forma completa. Por ej: material en el que lo fabrica, medidas, proceso, etc.\" aria-disabled=\"true\">Son tablas realizadas en Pino o Eucalipto de 40 cm. de di\u00e1metro con o sin mango.<\/div>\r\n<div tabindex=\"0\" role=\"textbox\" aria-label=\"Descripci\u00f3n del Producto\/Servicio 3.   Recuerde que es muy \u00fatil que describa las caracter\u00edsticas del producto o servicio de forma completa. Por ej: material en el que lo fabrica, medidas, proceso, etc.\" aria-disabled=\"true\"><\/div>\r\n<\/div>\r\n<\/div>\r\n<\/div>\r\n<div class=\"Qr7Oae\" role=\"listitem\">\r\n<div class=\"OxAavc\" data-input=\"L9xHkb\" data-item-id=\"1564654680\">\r\n<div class=\"pYfr3c\">\r\n<div class=\"prOLdf\">\r\n<div class=\"g53bl\">\r\n<div id=\"c589\" class=\"cTDvob D1wxyf RjsPE\" role=\"heading\" aria-level=\"3\" aria-describedby=\"i.desc.1564654680\">&#8230;* Estas tablas est\u00e1n realizadas con herramientas el\u00e9ctricas y accesorios caseros. Se unen los listones de madera con cola espec\u00edficas para estar en contacto con alimentos. Las mismas se entregan curadas con aceite mineral y cera de abeja.<\/div>\r\n<\/div>\r\n<\/div>\r\n<\/div>\r\n<\/div>\r\n<\/div>","protected":false},"featured_media":59168,"comment_status":"open","ping_status":"closed","template":"","meta":[],"product_cat":[7242,6046,6053,6525,6055],"product_tag":[6719,7990,1074,7603],"_links":{"self":[{"href":"https:\/\/www.mendoza.gov.ar\/catalogoeconomiasocial\/wp-json\/wp\/v2\/product\/59166"}],"collection":[{"href":"https:\/\/www.mendoza.gov.ar\/catalogoeconomiasocial\/wp-json\/wp\/v2\/product"}],"about":[{"href":"https:\/\/www.mendoza.gov.ar\/catalogoeconomiasocial\/wp-json\/wp\/v2\/types\/product"}],"replies":[{"embeddable":true,"href":"https:\/\/www.mendoza.gov.ar\/catalogoeconomiasocial\/wp-json\/wp\/v2\/comments?post=59166"}],"wp:featuredmedia":[{"embeddable":true,"href":"https:\/\/www.mendoza.gov.ar\/catalogoeconomiasocial\/wp-json\/wp\/v2\/media\/59168"}],"wp:attachment":[{"href":"https:\/\/www.mendoza.gov.ar\/catalogoeconomiasocial\/wp-json\/wp\/v2\/media?parent=59166"}],"wp:term":[{"taxonomy":"product_cat","embeddable":true,"href":"https:\/\/www.mendoza.gov.ar\/catalogoeconomiasocial\/wp-json\/wp\/v2\/product_cat?post=59166"},{"taxonomy":"product_tag","embeddable":true,"href":"https:\/\/www.mendoza.gov.ar\/catalogoeconomiasocial\/wp-json\/wp\/v2\/product_tag?post=59166"}],"curies":[{"name":"wp","href":"https:\/\/api.w.org\/{rel}","templated":true}]}}