{"id":59220,"date":"2025-09-23T08:54:37","date_gmt":"2025-09-23T11:54:37","guid":{"rendered":"https:\/\/www.mendoza.gov.ar\/catalogoeconomiasocial\/?post_type=product&#038;p=59220"},"modified":"2025-09-23T08:54:38","modified_gmt":"2025-09-23T11:54:38","slug":"kefir","status":"publish","type":"product","link":"https:\/\/www.mendoza.gov.ar\/catalogoeconomiasocial\/producto\/kefir\/","title":{"rendered":"K\u00e9fir"},"content":{"rendered":"<!DOCTYPE html PUBLIC \"-\/\/W3C\/\/DTD HTML 4.0 Transitional\/\/EN\" \"http:\/\/www.w3.org\/TR\/REC-html40\/loose.dtd\">\n\n","protected":false},"excerpt":{"rendered":"\ud83c\udf31 K\u00e9fir de Agua sabor Lim\u00f3n &amp; Jengibre Nuestro K\u00e9fir de Agua sabor Lim\u00f3n &amp; Jengibre es una bebida probi\u00f3tica artesanal, elaborada mediante la fermentaci\u00f3n natural de granos de k\u00e9fir en agua filtrada con az\u00facar org\u00e1nica, que se transforma durante el proceso en \u00e1cidos org\u00e1nicos, vitaminas y millones de microorganismos vivos beneficiosos para tu salud. El resultado es una bebida ligeramente gasificada de manera natural, refrescante y con un sabor \u00fanico: \ud83d\udd39El lim\u00f3n aporta frescura c\u00edtrica, vitamina C y un toque revitalizante. \ud83d\udd39El jengibre brinda un matiz c\u00e1lido y picante, adem\u00e1s de sus reconocidas propiedades digestivas y antioxidantes.\r\n\r\nBeneficios principales \ud83c\udf3f\r\n\r\n\u2705 Favorece el equilibrio de la flora intestinal gracias a sus probi\u00f3ticos naturales.\r\n\r\n\u2705 Contribuye a una mejor digesti\u00f3n y absorci\u00f3n de nutrientes.\r\n\r\n\u2705 Apoya el sistema inmunol\u00f3gico.\r\n\r\n\u2705 Es bajo en calor\u00edas y az\u00facares, ya que gran parte se consume durante la fermentaci\u00f3n.\r\n\r\n\u2705 100% natural, vegano y libre de aditivos.\r\n\r\nUso sugerido \ud83e\udd42 Ideal para acompa\u00f1ar tus comidas, refrescarte en cualquier momento del d\u00eda o como alternativa saludable a las bebidas azucaradas y gaseosas industriales. Se recomienda mantener refrigerado y consumir fr\u00edo para disfrutar al m\u00e1ximo su sabor burbujeante y vivo.","protected":false},"featured_media":59221,"comment_status":"open","ping_status":"closed","template":"","meta":[],"product_cat":[5946,6002,6011,6013],"product_tag":[2288,2289,7997],"_links":{"self":[{"href":"https:\/\/www.mendoza.gov.ar\/catalogoeconomiasocial\/wp-json\/wp\/v2\/product\/59220"}],"collection":[{"href":"https:\/\/www.mendoza.gov.ar\/catalogoeconomiasocial\/wp-json\/wp\/v2\/product"}],"about":[{"href":"https:\/\/www.mendoza.gov.ar\/catalogoeconomiasocial\/wp-json\/wp\/v2\/types\/product"}],"replies":[{"embeddable":true,"href":"https:\/\/www.mendoza.gov.ar\/catalogoeconomiasocial\/wp-json\/wp\/v2\/comments?post=59220"}],"wp:featuredmedia":[{"embeddable":true,"href":"https:\/\/www.mendoza.gov.ar\/catalogoeconomiasocial\/wp-json\/wp\/v2\/media\/59221"}],"wp:attachment":[{"href":"https:\/\/www.mendoza.gov.ar\/catalogoeconomiasocial\/wp-json\/wp\/v2\/media?parent=59220"}],"wp:term":[{"taxonomy":"product_cat","embeddable":true,"href":"https:\/\/www.mendoza.gov.ar\/catalogoeconomiasocial\/wp-json\/wp\/v2\/product_cat?post=59220"},{"taxonomy":"product_tag","embeddable":true,"href":"https:\/\/www.mendoza.gov.ar\/catalogoeconomiasocial\/wp-json\/wp\/v2\/product_tag?post=59220"}],"curies":[{"name":"wp","href":"https:\/\/api.w.org\/{rel}","templated":true}]}}