{"id":59223,"date":"2025-09-23T09:00:24","date_gmt":"2025-09-23T12:00:24","guid":{"rendered":"https:\/\/www.mendoza.gov.ar\/catalogoeconomiasocial\/?post_type=product&#038;p=59223"},"modified":"2025-09-23T09:00:24","modified_gmt":"2025-09-23T12:00:24","slug":"vinagre-de-sidra-de-manzana-organico","status":"publish","type":"product","link":"https:\/\/www.mendoza.gov.ar\/catalogoeconomiasocial\/producto\/vinagre-de-sidra-de-manzana-organico\/","title":{"rendered":"Vinagre de Sidra de Manzana Org\u00e1nico"},"content":{"rendered":"<!DOCTYPE html PUBLIC \"-\/\/W3C\/\/DTD HTML 4.0 Transitional\/\/EN\" \"http:\/\/www.w3.org\/TR\/REC-html40\/loose.dtd\">\n\n","protected":false},"excerpt":{"rendered":"\ud83c\udf4e Vinagre de Sidra de Manzana Org\u00e1nico Nuestro Vinagre de Sidra de Manzana Org\u00e1nico es elaborado a partir de manzanas seleccionadas y fermentadas de manera natural hasta obtener un producto vivo, lleno de nutrientes y beneficios para tu bienestar.\r\n\r\nSe produce mediante un proceso artesanal en dos fermentaciones: 1\ufe0f\u20e3 Primero se transforma el az\u00facar de la manzana en sidra. 2\ufe0f\u20e3 Luego, gracias a bacterias ac\u00e9ticas beneficiosas, se convierte en vinagre, conservando la famosa \u201cmadre del vinagre\u201d, un sedimento natural rico en enzimas y probi\u00f3ticos.\r\n\r\nBeneficios principales \ud83c\udf3f\r\n\r\n\u2705 Favorece la digesti\u00f3n y el equilibrio intestinal.\r\n\r\n\u2705 Ayuda a regular los niveles de glucosa en sangre.\r\n\r\n\u2705 Contribuye a un metabolismo m\u00e1s saludable.\r\n\r\n\u2705 Apoya el sistema inmunol\u00f3gico gracias a sus enzimas y probi\u00f3ticos.\r\n\r\n\u2705 Producto 100% natural, sin filtrar, sin pasteurizar y vegano.\r\n\r\nUso sugerido \ud83c\udf7d\ufe0f Ideal para aderezar ensaladas, marinar vegetales, preparar bebidas depurativas o como t\u00f3nico diario diluido en agua. Su sabor equilibrado, ligeramente \u00e1cido y afrutado, lo convierte en un aliado vers\u00e1til en la cocina y en el cuidado personal.","protected":false},"featured_media":59225,"comment_status":"open","ping_status":"closed","template":"","meta":[],"product_cat":[5946,5974,6001,6002],"product_tag":[2049,6808,2289],"_links":{"self":[{"href":"https:\/\/www.mendoza.gov.ar\/catalogoeconomiasocial\/wp-json\/wp\/v2\/product\/59223"}],"collection":[{"href":"https:\/\/www.mendoza.gov.ar\/catalogoeconomiasocial\/wp-json\/wp\/v2\/product"}],"about":[{"href":"https:\/\/www.mendoza.gov.ar\/catalogoeconomiasocial\/wp-json\/wp\/v2\/types\/product"}],"replies":[{"embeddable":true,"href":"https:\/\/www.mendoza.gov.ar\/catalogoeconomiasocial\/wp-json\/wp\/v2\/comments?post=59223"}],"wp:featuredmedia":[{"embeddable":true,"href":"https:\/\/www.mendoza.gov.ar\/catalogoeconomiasocial\/wp-json\/wp\/v2\/media\/59225"}],"wp:attachment":[{"href":"https:\/\/www.mendoza.gov.ar\/catalogoeconomiasocial\/wp-json\/wp\/v2\/media?parent=59223"}],"wp:term":[{"taxonomy":"product_cat","embeddable":true,"href":"https:\/\/www.mendoza.gov.ar\/catalogoeconomiasocial\/wp-json\/wp\/v2\/product_cat?post=59223"},{"taxonomy":"product_tag","embeddable":true,"href":"https:\/\/www.mendoza.gov.ar\/catalogoeconomiasocial\/wp-json\/wp\/v2\/product_tag?post=59223"}],"curies":[{"name":"wp","href":"https:\/\/api.w.org\/{rel}","templated":true}]}}