{"id":59284,"date":"2025-09-23T12:09:57","date_gmt":"2025-09-23T15:09:57","guid":{"rendered":"https:\/\/www.mendoza.gov.ar\/catalogoeconomiasocial\/?post_type=product&#038;p=59284"},"modified":"2025-09-23T12:10:12","modified_gmt":"2025-09-23T15:10:12","slug":"juguetes-sensoriuales-en-impresion-3d","status":"publish","type":"product","link":"https:\/\/www.mendoza.gov.ar\/catalogoeconomiasocial\/producto\/juguetes-sensoriuales-en-impresion-3d\/","title":{"rendered":"Juguetes Sensoriales en Impresi\u00f3n 3D"},"content":{"rendered":"<!DOCTYPE html PUBLIC \"-\/\/W3C\/\/DTD HTML 4.0 Transitional\/\/EN\" \"http:\/\/www.w3.org\/TR\/REC-html40\/loose.dtd\">\n\n","protected":false},"excerpt":{"rendered":"<div class=\"Qr7Oae\" role=\"listitem\">\r\n<div class=\"OxAavc NVbRL\" data-required=\"true\" data-item-id=\"1939307960\">\r\n<div class=\"Ih4Dzb\">\r\n<div class=\"q4tvle JqSWld yqQS1\" tabindex=\"0\" role=\"textbox\" aria-label=\"Descripci\u00f3n del Producto\/Servicio 1. Recuerde que es muy \u00fatil que describa las caracter\u00edsticas del producto o servicio de forma completa. Por ej: material en el que lo fabrica, medidas, proceso, etc.\" aria-disabled=\"true\">Los animalitos y materiales 3D son productos dise\u00f1ados y fabricados con impresora 3D en pl\u00e1stico resistente y seguro, especialmente creados para favorecer la estimulaci\u00f3n sensorial, cognitiva y motriz. Dentro de esta l\u00ednea se encuentran: mallas antiestr\u00e9s, orugas flexibles, wackis , resortes spinner y animalitos articulados. Cada pieza atraviesa un proceso que comienza con el dise\u00f1o digital, contin\u00faa con la impresi\u00f3n capa por capa y finaliza con una etapa de limpieza, lijado y control de calidad, lo que garantiza terminaciones suaves y seguras para el uso cotidiano. Gracias a sus movimientos, texturas y formas, estos materiales permiten trabajar la motricidad fina, la coordinaci\u00f3n y la creatividad, al mismo tiempo que se convierten en recursos eficaces para la autorregulaci\u00f3n y el movimiento en momentos de crisis. Son herramientas vers\u00e1tiles, \u00fatiles en espacios educativos, terap\u00e9uticos y recreativos, pensadas para personas con discapacidad y para ni\u00f1os y adultos en general<\/div>\r\n<\/div>\r\n<\/div>\r\n<\/div>\r\n<div class=\"Qr7Oae\" role=\"listitem\">\r\n<div class=\"OxAavc\" data-required=\"true\" data-input=\"L9xHkb\" data-item-id=\"770889066\">\r\n<div class=\"pYfr3c\">\r\n<div class=\"prOLdf\">\r\n<div class=\"g53bl\">\r\n<div id=\"c2043\" class=\"cTDvob D1wxyf RjsPE\" role=\"heading\" aria-level=\"3\" aria-describedby=\"i.desc.770889066 c2047\"><\/div>\r\n<\/div>\r\n<\/div>\r\n<\/div>\r\n<\/div>\r\n<\/div>","protected":false},"featured_media":59286,"comment_status":"open","ping_status":"closed","template":"","meta":[],"product_cat":[1065,6123],"product_tag":[4528],"_links":{"self":[{"href":"https:\/\/www.mendoza.gov.ar\/catalogoeconomiasocial\/wp-json\/wp\/v2\/product\/59284"}],"collection":[{"href":"https:\/\/www.mendoza.gov.ar\/catalogoeconomiasocial\/wp-json\/wp\/v2\/product"}],"about":[{"href":"https:\/\/www.mendoza.gov.ar\/catalogoeconomiasocial\/wp-json\/wp\/v2\/types\/product"}],"replies":[{"embeddable":true,"href":"https:\/\/www.mendoza.gov.ar\/catalogoeconomiasocial\/wp-json\/wp\/v2\/comments?post=59284"}],"wp:featuredmedia":[{"embeddable":true,"href":"https:\/\/www.mendoza.gov.ar\/catalogoeconomiasocial\/wp-json\/wp\/v2\/media\/59286"}],"wp:attachment":[{"href":"https:\/\/www.mendoza.gov.ar\/catalogoeconomiasocial\/wp-json\/wp\/v2\/media?parent=59284"}],"wp:term":[{"taxonomy":"product_cat","embeddable":true,"href":"https:\/\/www.mendoza.gov.ar\/catalogoeconomiasocial\/wp-json\/wp\/v2\/product_cat?post=59284"},{"taxonomy":"product_tag","embeddable":true,"href":"https:\/\/www.mendoza.gov.ar\/catalogoeconomiasocial\/wp-json\/wp\/v2\/product_tag?post=59284"}],"curies":[{"name":"wp","href":"https:\/\/api.w.org\/{rel}","templated":true}]}}