{"id":59287,"date":"2025-09-23T12:14:02","date_gmt":"2025-09-23T15:14:02","guid":{"rendered":"https:\/\/www.mendoza.gov.ar\/catalogoeconomiasocial\/?post_type=product&#038;p=59287"},"modified":"2025-09-23T12:14:03","modified_gmt":"2025-09-23T15:14:03","slug":"caja-sensorial-con-juguetes-en-3d","status":"publish","type":"product","link":"https:\/\/www.mendoza.gov.ar\/catalogoeconomiasocial\/producto\/caja-sensorial-con-juguetes-en-3d\/","title":{"rendered":"Caja Sensorial con Juguetes en 3D"},"content":{"rendered":"<!DOCTYPE html PUBLIC \"-\/\/W3C\/\/DTD HTML 4.0 Transitional\/\/EN\" \"http:\/\/www.w3.org\/TR\/REC-html40\/loose.dtd\">\n\n","protected":false},"excerpt":{"rendered":"La Caja Sensorial es un producto innovador y exclusivo en el mercado, especialmente dise\u00f1ado para promover el bienestar, la estimulaci\u00f3n sensorial y la autorregulaci\u00f3n emocional en distintos contextos.\r\n\r\nSe presenta como una propuesta integral que combina materiales propios de dise\u00f1o y fabricaci\u00f3n en 3D junto con elementos sensoriales cuidadosamente seleccionados, reunidos en un kit completo .\r\n\r\nEl objetivo principal de la Caja Sensorial es ofrecer un recurso l\u00fadico y terap\u00e9utico que permita: Favorecer la exploraci\u00f3n sensorial a trav\u00e9s de la vista, el tacto y el o\u00eddo. Estimular la creatividad, la motricidad fina y gruesa mediante diferentes texturas y movimientos. Promover la calma, la concentraci\u00f3n y la relajaci\u00f3n en momentos de estr\u00e9s, ansiedad o crisis. Acompa\u00f1ar procesos de desarrollo en personas con discapacidad y en ni\u00f1os, j\u00f3venes y adultos en general. Dentro de cada caja se incluyen: Materiales fabricados en impresora 3D: mallas antiestr\u00e9s, orugas flexibles, wackis , resortes ,spinners, animalitos articualdos. Masas sensoriales: con texturas suaves y maleables que invitan al juego, fortalecen la motricidad fina y promueven la creatividad, a la vez que generan un efecto relajante.\r\n\r\nBotellas sensoriales: elaboradas en envases pl\u00e1sticos resistentes, con l\u00edquidos y elementos atractivos que producen un efecto visual y auditivo de calma y concentraci\u00f3n. Squishy: materiales blandos y el\u00e1sticos que brindan una experiencia de suavidad y relajaci\u00f3n, ideales para complementar la estimulaci\u00f3n t\u00e1ctil.\r\n\r\nLa combinaci\u00f3n de estos elementos convierte a la Caja Sensorial en un recurso integral, innovador y vers\u00e1til, que conjuga lo educativo, lo terap\u00e9utico y lo l\u00fadico.\r\n\r\nSu dise\u00f1o permite que sea utilizada en el hogar, en espacios educativos y en \u00e1mbitos terap\u00e9uticos, siendo una herramienta de gran valor para el desarrollo de habilidades cognitivas, sensoriales, motrices y emocionales, al mismo tiempo que ofrece un espacio \u00fanico de juego creativo, tranquilidad y bienestar.","protected":false},"featured_media":59288,"comment_status":"open","ping_status":"closed","template":"","meta":[],"product_cat":[1065,6123],"product_tag":[],"_links":{"self":[{"href":"https:\/\/www.mendoza.gov.ar\/catalogoeconomiasocial\/wp-json\/wp\/v2\/product\/59287"}],"collection":[{"href":"https:\/\/www.mendoza.gov.ar\/catalogoeconomiasocial\/wp-json\/wp\/v2\/product"}],"about":[{"href":"https:\/\/www.mendoza.gov.ar\/catalogoeconomiasocial\/wp-json\/wp\/v2\/types\/product"}],"replies":[{"embeddable":true,"href":"https:\/\/www.mendoza.gov.ar\/catalogoeconomiasocial\/wp-json\/wp\/v2\/comments?post=59287"}],"wp:featuredmedia":[{"embeddable":true,"href":"https:\/\/www.mendoza.gov.ar\/catalogoeconomiasocial\/wp-json\/wp\/v2\/media\/59288"}],"wp:attachment":[{"href":"https:\/\/www.mendoza.gov.ar\/catalogoeconomiasocial\/wp-json\/wp\/v2\/media?parent=59287"}],"wp:term":[{"taxonomy":"product_cat","embeddable":true,"href":"https:\/\/www.mendoza.gov.ar\/catalogoeconomiasocial\/wp-json\/wp\/v2\/product_cat?post=59287"},{"taxonomy":"product_tag","embeddable":true,"href":"https:\/\/www.mendoza.gov.ar\/catalogoeconomiasocial\/wp-json\/wp\/v2\/product_tag?post=59287"}],"curies":[{"name":"wp","href":"https:\/\/api.w.org\/{rel}","templated":true}]}}