{"id":59291,"date":"2025-09-23T12:31:56","date_gmt":"2025-09-23T15:31:56","guid":{"rendered":"https:\/\/www.mendoza.gov.ar\/catalogoeconomiasocial\/?post_type=product&#038;p=59291"},"modified":"2025-09-23T12:31:56","modified_gmt":"2025-09-23T15:31:56","slug":"velas-de-soja-6","status":"publish","type":"product","link":"https:\/\/www.mendoza.gov.ar\/catalogoeconomiasocial\/producto\/velas-de-soja-6\/","title":{"rendered":"Velas de Soja"},"content":{"rendered":"<!DOCTYPE html PUBLIC \"-\/\/W3C\/\/DTD HTML 4.0 Transitional\/\/EN\" \"http:\/\/www.w3.org\/TR\/REC-html40\/loose.dtd\">\n\n","protected":false},"excerpt":{"rendered":"Velas de soja en portavela\r\n\r\nLos materiales que uso son cera de soja, pabilo, porta pabilo, silicona\r\n\r\nDerrito la cera de soja le pongo escencia cuando est\u00e1 m\u00e1s fr\u00eda la cera -corto el pabilo y lo coloco en porta pabilo &#8211; lo pego con silicona al porta vela de yeso y vierto la vela derretida\r\n\r\nVelas decorativas\r\n\r\nUtilizo cera de soja, pabilo y moldes de silicona &#8211;\r\n\r\nLes hago una perforaci\u00f3n al molde y paso el pabilo por esa misma &#8211; Derrito la cera de soja &#8211; vierto la cera en los moldes &#8211; dejo secar &#8211; desmoldo\r\n\r\nCuidado de no poner bajo el sol","protected":false},"featured_media":59294,"comment_status":"open","ping_status":"closed","template":"","meta":[],"product_cat":[7242,6762,6046,6058,6067,6076],"product_tag":[6748,212,6265,7115,6654],"_links":{"self":[{"href":"https:\/\/www.mendoza.gov.ar\/catalogoeconomiasocial\/wp-json\/wp\/v2\/product\/59291"}],"collection":[{"href":"https:\/\/www.mendoza.gov.ar\/catalogoeconomiasocial\/wp-json\/wp\/v2\/product"}],"about":[{"href":"https:\/\/www.mendoza.gov.ar\/catalogoeconomiasocial\/wp-json\/wp\/v2\/types\/product"}],"replies":[{"embeddable":true,"href":"https:\/\/www.mendoza.gov.ar\/catalogoeconomiasocial\/wp-json\/wp\/v2\/comments?post=59291"}],"wp:featuredmedia":[{"embeddable":true,"href":"https:\/\/www.mendoza.gov.ar\/catalogoeconomiasocial\/wp-json\/wp\/v2\/media\/59294"}],"wp:attachment":[{"href":"https:\/\/www.mendoza.gov.ar\/catalogoeconomiasocial\/wp-json\/wp\/v2\/media?parent=59291"}],"wp:term":[{"taxonomy":"product_cat","embeddable":true,"href":"https:\/\/www.mendoza.gov.ar\/catalogoeconomiasocial\/wp-json\/wp\/v2\/product_cat?post=59291"},{"taxonomy":"product_tag","embeddable":true,"href":"https:\/\/www.mendoza.gov.ar\/catalogoeconomiasocial\/wp-json\/wp\/v2\/product_tag?post=59291"}],"curies":[{"name":"wp","href":"https:\/\/api.w.org\/{rel}","templated":true}]}}