{"id":59312,"date":"2025-09-24T10:28:06","date_gmt":"2025-09-24T13:28:06","guid":{"rendered":"https:\/\/www.mendoza.gov.ar\/catalogoeconomiasocial\/?post_type=product&#038;p=59312"},"modified":"2025-09-24T10:29:27","modified_gmt":"2025-09-24T13:29:27","slug":"chaleco-colorido-para-mascotas","status":"publish","type":"product","link":"https:\/\/www.mendoza.gov.ar\/catalogoeconomiasocial\/producto\/chaleco-colorido-para-mascotas\/","title":{"rendered":"Chaleco Colorido para Mascotas"},"content":{"rendered":"<!DOCTYPE html PUBLIC \"-\/\/W3C\/\/DTD HTML 4.0 Transitional\/\/EN\" \"http:\/\/www.w3.org\/TR\/REC-html40\/loose.dtd\">\n\n","protected":false},"excerpt":{"rendered":"<div class=\"Qr7Oae\" role=\"listitem\">\r\n<div class=\"OxAavc NVbRL\" data-item-id=\"1926622796\">\r\n<div class=\"Ih4Dzb\">\r\n<div class=\"q4tvle JqSWld yqQS1\" tabindex=\"0\" role=\"textbox\" aria-label=\"Descripci\u00f3n del Producto\/Servicio 2. Recuerde que es muy \u00fatil que describa las caracter\u00edsticas del producto o servicio de forma completa. Por ej: material en el que lo fabrica, medidas, proceso, etc.\" aria-disabled=\"true\">Sweater recuperado y reciclado, talle XL, largo 54, contorno 58 cm<\/div>\r\n<div tabindex=\"0\" role=\"textbox\" aria-label=\"Descripci\u00f3n del Producto\/Servicio 2. Recuerde que es muy \u00fatil que describa las caracter\u00edsticas del producto o servicio de forma completa. Por ej: material en el que lo fabrica, medidas, proceso, etc.\" aria-disabled=\"true\"><\/div>\r\n<div tabindex=\"0\" role=\"textbox\" aria-label=\"Descripci\u00f3n del Producto\/Servicio 2. Recuerde que es muy \u00fatil que describa las caracter\u00edsticas del producto o servicio de forma completa. Por ej: material en el que lo fabrica, medidas, proceso, etc.\" aria-disabled=\"true\">Info acerca de las T\u00e9cnicas que se utilizan\u2665:<\/div>\r\n<div tabindex=\"0\" role=\"textbox\" aria-label=\"Descripci\u00f3n del Producto\/Servicio 2. Recuerde que es muy \u00fatil que describa las caracter\u00edsticas del producto o servicio de forma completa. Por ej: material en el que lo fabrica, medidas, proceso, etc.\" aria-disabled=\"true\">\r\n<div id=\"Tj9Y4e\" class=\"KP7TGc RjsPE\" data-observe-id=\"u59cif\" data-is-migration-recent=\"false\">\r\n<div class=\"ua2Qrb\">\r\n<div id=\"ResponsesView\" class=\"rxsFue gmvbEd\">\r\n<div class=\"nMw83b\" data-observe-id=\"w6TSZ\">\r\n<div id=\"i85\">\r\n<div class=\"csgrRe\">\r\n<div class=\"uMXdLb\">\r\n<div class=\"RH5hzf RLS9Fe\">\r\n<div class=\"lrKTG\">\r\n<div class=\"o3Dpx\" role=\"list\">\r\n<div class=\"Qr7Oae\" role=\"listitem\">\r\n<div class=\"OxAavc NVbRL\" data-item-id=\"1043065733\">\r\n<div class=\"Ih4Dzb\">\r\n<div class=\"q4tvle JqSWld yqQS1\" tabindex=\"0\" role=\"textbox\" aria-label=\"Observaciones.&lt;br&gt;1- Mencionar las t\u00e9cnicas que utiliza&lt;br&gt;2- Explicar si recicla materiales&lt;br&gt;3- En el caso de que ya no fabrique alg\u00fan producto que figura en su emprendimiento, por favor avisar para retirarlo del cat\u00e1logo.\" aria-disabled=\"true\">1. Patchwork \/ Retazos Unir distintos retazos de telas en composiciones creativas, muy usado para lograr dise\u00f1os \u00fanicos y coloridos.<\/div>\r\n<div class=\"q4tvle JqSWld yqQS1\" tabindex=\"0\" role=\"textbox\" aria-label=\"Observaciones.&lt;br&gt;1- Mencionar las t\u00e9cnicas que utiliza&lt;br&gt;2- Explicar si recicla materiales&lt;br&gt;3- En el caso de que ya no fabrique alg\u00fan producto que figura en su emprendimiento, por favor avisar para retirarlo del cat\u00e1logo.\" aria-disabled=\"true\">2. Upcycling \/ Transformaci\u00f3n de prendas Tomar una prenda antigua (ej. bata, camisa, pantal\u00f3n) y transformarla en un producto nuevo (vestiditos, poleras para mascotas, accesorios.<\/div>\r\n<div class=\"q4tvle JqSWld yqQS1\" tabindex=\"0\" role=\"textbox\" aria-label=\"Observaciones.&lt;br&gt;1- Mencionar las t\u00e9cnicas que utiliza&lt;br&gt;2- Explicar si recicla materiales&lt;br&gt;3- En el caso de que ya no fabrique alg\u00fan producto que figura en su emprendimiento, por favor avisar para retirarlo del cat\u00e1logo.\" aria-disabled=\"true\">3. Aplicaciones y parches decorativos Usar trozos peque\u00f1os de tela para crear formas (corazones, huellitas, flores) que se cosen como decoraci\u00f3n.<\/div>\r\n<div class=\"q4tvle JqSWld yqQS1\" tabindex=\"0\" role=\"textbox\" aria-label=\"Observaciones.&lt;br&gt;1- Mencionar las t\u00e9cnicas que utiliza&lt;br&gt;2- Explicar si recicla materiales&lt;br&gt;3- En el caso de que ya no fabrique alg\u00fan producto que figura en su emprendimiento, por favor avisar para retirarlo del cat\u00e1logo.\" aria-disabled=\"true\">4. Forrer\u00eda \/ Revestimiento Aprovechar telas en desuso para forrar productos (collares, bolsitas, empaques).<\/div>\r\n<\/div>\r\n<\/div>\r\n<\/div>\r\n<\/div>\r\n<\/div>\r\n<div class=\"phD6Pe\"><\/div>\r\n<\/div>\r\n<\/div>\r\n<\/div>\r\n<\/div>\r\n<\/div>\r\n<\/div>\r\n<\/div>\r\n<div class=\"H4pZ5c\" aria-hidden=\"true\"><\/div>\r\n<\/div>\r\n<div><\/div>\r\n<div class=\"CTPS3b LK5yu RjsPE\">\r\n<div class=\"JfdRKe\" data-menu-action-id=\"freebird-help-menu\" data-action-id=\"freebird-help-menu\" data-action-properties=\"enabled,visible\" data-entry-point=\"7\">\r\n<div class=\"U26fgb JRtysb WzwrXb I12f0b K2mXPb\" tabindex=\"0\" role=\"button\" aria-label=\"Ayuda y comentarios\" data-tooltip=\"Ayuda y comentarios\" aria-haspopup=\"true\" aria-expanded=\"false\" data-dynamic=\"true\" data-menu-corner=\"bottom-center\" data-anchor-corner=\"top-center\" data-tooltip-position=\"top\" data-tooltip-vertical-offset=\"12\" data-tooltip-horizontal-offset=\"0\">\r\n<div class=\"foqfDc gdyQ3c\"><\/div>\r\n<\/div>\r\n<\/div>\r\n<\/div>\r\n<\/div>\r\n<\/div>\r\n<\/div>\r\n<\/div>\r\n<div class=\"Qr7Oae\" role=\"listitem\">\r\n<div class=\"OxAavc\" data-input=\"L9xHkb\" data-item-id=\"807887054\">\r\n<div class=\"pYfr3c\">\r\n<div class=\"prOLdf\">\r\n<div class=\"g53bl\">\r\n<div id=\"c784\" class=\"cTDvob D1wxyf RjsPE\" role=\"heading\" aria-level=\"3\" aria-describedby=\"i.desc.807887054\"><\/div>\r\n<\/div>\r\n<\/div>\r\n<\/div>\r\n<\/div>\r\n<\/div>","protected":false},"featured_media":59310,"comment_status":"open","ping_status":"closed","template":"","meta":[],"product_cat":[2034,6092],"product_tag":[6413,6969,5612,849],"_links":{"self":[{"href":"https:\/\/www.mendoza.gov.ar\/catalogoeconomiasocial\/wp-json\/wp\/v2\/product\/59312"}],"collection":[{"href":"https:\/\/www.mendoza.gov.ar\/catalogoeconomiasocial\/wp-json\/wp\/v2\/product"}],"about":[{"href":"https:\/\/www.mendoza.gov.ar\/catalogoeconomiasocial\/wp-json\/wp\/v2\/types\/product"}],"replies":[{"embeddable":true,"href":"https:\/\/www.mendoza.gov.ar\/catalogoeconomiasocial\/wp-json\/wp\/v2\/comments?post=59312"}],"wp:featuredmedia":[{"embeddable":true,"href":"https:\/\/www.mendoza.gov.ar\/catalogoeconomiasocial\/wp-json\/wp\/v2\/media\/59310"}],"wp:attachment":[{"href":"https:\/\/www.mendoza.gov.ar\/catalogoeconomiasocial\/wp-json\/wp\/v2\/media?parent=59312"}],"wp:term":[{"taxonomy":"product_cat","embeddable":true,"href":"https:\/\/www.mendoza.gov.ar\/catalogoeconomiasocial\/wp-json\/wp\/v2\/product_cat?post=59312"},{"taxonomy":"product_tag","embeddable":true,"href":"https:\/\/www.mendoza.gov.ar\/catalogoeconomiasocial\/wp-json\/wp\/v2\/product_tag?post=59312"}],"curies":[{"name":"wp","href":"https:\/\/api.w.org\/{rel}","templated":true}]}}