{"id":59318,"date":"2025-09-24T10:54:42","date_gmt":"2025-09-24T13:54:42","guid":{"rendered":"https:\/\/www.mendoza.gov.ar\/catalogoeconomiasocial\/?post_type=product&#038;p=59318"},"modified":"2025-09-24T10:54:42","modified_gmt":"2025-09-24T13:54:42","slug":"mates-16","status":"publish","type":"product","link":"https:\/\/www.mendoza.gov.ar\/catalogoeconomiasocial\/producto\/mates-16\/","title":{"rendered":"Mates"},"content":{"rendered":"<!DOCTYPE html PUBLIC \"-\/\/W3C\/\/DTD HTML 4.0 Transitional\/\/EN\" \"http:\/\/www.w3.org\/TR\/REC-html40\/loose.dtd\">\n\n","protected":false},"excerpt":{"rendered":"En nuestro taller cada mate cobra vida con un proceso 100% artesanal:\r\n\r\n1\ufe0f\u20e3 Modelado en arcilla local.\r\n\r\n2\ufe0f\u20e3 Decorado con engobes \ud83c\udfa8.\r\n\r\n3\ufe0f\u20e3 Esmaltado para brillo y resistencia.\r\n\r\n4\ufe0f\u20e3 Cocci\u00f3n en horno a le\u00f1a , con esmalte en horno el\u00e9ctrico \ud83d\udd25.\r\n\r\nCada pieza es \u00fanica e irrepetible, pensada para compartir el ritual del mate con identidad y tradici\u00f3n \ud83c\udf43\u2615\ud83c\udffa.","protected":false},"featured_media":59320,"comment_status":"open","ping_status":"closed","template":"","meta":[],"product_cat":[7242,6762,6046,6053,6054],"product_tag":[985,1087],"_links":{"self":[{"href":"https:\/\/www.mendoza.gov.ar\/catalogoeconomiasocial\/wp-json\/wp\/v2\/product\/59318"}],"collection":[{"href":"https:\/\/www.mendoza.gov.ar\/catalogoeconomiasocial\/wp-json\/wp\/v2\/product"}],"about":[{"href":"https:\/\/www.mendoza.gov.ar\/catalogoeconomiasocial\/wp-json\/wp\/v2\/types\/product"}],"replies":[{"embeddable":true,"href":"https:\/\/www.mendoza.gov.ar\/catalogoeconomiasocial\/wp-json\/wp\/v2\/comments?post=59318"}],"wp:featuredmedia":[{"embeddable":true,"href":"https:\/\/www.mendoza.gov.ar\/catalogoeconomiasocial\/wp-json\/wp\/v2\/media\/59320"}],"wp:attachment":[{"href":"https:\/\/www.mendoza.gov.ar\/catalogoeconomiasocial\/wp-json\/wp\/v2\/media?parent=59318"}],"wp:term":[{"taxonomy":"product_cat","embeddable":true,"href":"https:\/\/www.mendoza.gov.ar\/catalogoeconomiasocial\/wp-json\/wp\/v2\/product_cat?post=59318"},{"taxonomy":"product_tag","embeddable":true,"href":"https:\/\/www.mendoza.gov.ar\/catalogoeconomiasocial\/wp-json\/wp\/v2\/product_tag?post=59318"}],"curies":[{"name":"wp","href":"https:\/\/api.w.org\/{rel}","templated":true}]}}