{"id":59338,"date":"2025-09-24T11:36:17","date_gmt":"2025-09-24T14:36:17","guid":{"rendered":"https:\/\/www.mendoza.gov.ar\/catalogoeconomiasocial\/?post_type=product&#038;p=59338"},"modified":"2025-09-24T11:36:18","modified_gmt":"2025-09-24T14:36:18","slug":"bolso-matero-19","status":"publish","type":"product","link":"https:\/\/www.mendoza.gov.ar\/catalogoeconomiasocial\/producto\/bolso-matero-19\/","title":{"rendered":"Bolso Matero"},"content":{"rendered":"<!DOCTYPE html PUBLIC \"-\/\/W3C\/\/DTD HTML 4.0 Transitional\/\/EN\" \"http:\/\/www.w3.org\/TR\/REC-html40\/loose.dtd\">\n\n","protected":false},"excerpt":{"rendered":"Es un bolso dise\u00f1ado y fabricado a medida para transportar el equipo de mate. El mismo es realizado en EcoCuero, esta revestido en Silver de poli\u00e9ster para mejorar su terminaci\u00f3n y en su interior lleva un aislamiento t\u00e9rmico que permite conservar por mas tiempo su temperatura interna, adem\u00e1s cuenta con cierre y asas para llevarla en mano o tipo mochila. Para fabricar el mismo, cortamos las diferentes telas a medida utilizando los diferentes moldes previamente dise\u00f1ados, luego con la m\u00e1quina de coser recta industrial unimos cada parte. Y por \u00faltimo, utilizamos herramientas de mano como la &#8220;sacabocado&#8221; y &#8220;abrochadora&#8221; para a\u00f1adir los detalles que hacen que este producto resalte a\u00fan m\u00e1s.","protected":false},"featured_media":59342,"comment_status":"open","ping_status":"closed","template":"","meta":[],"product_cat":[6046,6053,6054],"product_tag":[967,590,6391],"_links":{"self":[{"href":"https:\/\/www.mendoza.gov.ar\/catalogoeconomiasocial\/wp-json\/wp\/v2\/product\/59338"}],"collection":[{"href":"https:\/\/www.mendoza.gov.ar\/catalogoeconomiasocial\/wp-json\/wp\/v2\/product"}],"about":[{"href":"https:\/\/www.mendoza.gov.ar\/catalogoeconomiasocial\/wp-json\/wp\/v2\/types\/product"}],"replies":[{"embeddable":true,"href":"https:\/\/www.mendoza.gov.ar\/catalogoeconomiasocial\/wp-json\/wp\/v2\/comments?post=59338"}],"wp:featuredmedia":[{"embeddable":true,"href":"https:\/\/www.mendoza.gov.ar\/catalogoeconomiasocial\/wp-json\/wp\/v2\/media\/59342"}],"wp:attachment":[{"href":"https:\/\/www.mendoza.gov.ar\/catalogoeconomiasocial\/wp-json\/wp\/v2\/media?parent=59338"}],"wp:term":[{"taxonomy":"product_cat","embeddable":true,"href":"https:\/\/www.mendoza.gov.ar\/catalogoeconomiasocial\/wp-json\/wp\/v2\/product_cat?post=59338"},{"taxonomy":"product_tag","embeddable":true,"href":"https:\/\/www.mendoza.gov.ar\/catalogoeconomiasocial\/wp-json\/wp\/v2\/product_tag?post=59338"}],"curies":[{"name":"wp","href":"https:\/\/api.w.org\/{rel}","templated":true}]}}