{"id":59345,"date":"2025-09-24T11:38:26","date_gmt":"2025-09-24T14:38:26","guid":{"rendered":"https:\/\/www.mendoza.gov.ar\/catalogoeconomiasocial\/?post_type=product&#038;p=59345"},"modified":"2025-09-24T11:38:26","modified_gmt":"2025-09-24T14:38:26","slug":"bolso-dama","status":"publish","type":"product","link":"https:\/\/www.mendoza.gov.ar\/catalogoeconomiasocial\/producto\/bolso-dama\/","title":{"rendered":"Bolso Dama"},"content":{"rendered":"<!DOCTYPE html PUBLIC \"-\/\/W3C\/\/DTD HTML 4.0 Transitional\/\/EN\" \"http:\/\/www.w3.org\/TR\/REC-html40\/loose.dtd\">\n\n","protected":false},"excerpt":{"rendered":"<div id=\"Tj9Y4e\" class=\"KP7TGc RjsPE\" data-observe-id=\"u59cif\" data-is-migration-recent=\"false\">\r\n<div class=\"ua2Qrb\">\r\n<div id=\"ResponsesView\" class=\"rxsFue gmvbEd\">\r\n<div class=\"nMw83b\" data-observe-id=\"w6TSZ\">\r\n<div id=\"i85\">\r\n<div class=\"csgrRe\">\r\n<div class=\"uMXdLb\">\r\n<div class=\"RH5hzf RLS9Fe\">\r\n<div class=\"lrKTG\">\r\n<div class=\"o3Dpx\" role=\"list\">\r\n<div class=\"Qr7Oae\" role=\"listitem\">\r\n<div class=\"OxAavc NVbRL\" data-item-id=\"1926622796\">\r\n<div class=\"Ih4Dzb\">\r\n<div class=\"q4tvle JqSWld yqQS1\" tabindex=\"0\" role=\"textbox\" aria-label=\"Descripci\u00f3n del Producto\/Servicio 2. Recuerde que es muy \u00fatil que describa las caracter\u00edsticas del producto o servicio de forma completa. Por ej: material en el que lo fabrica, medidas, proceso, etc.\" aria-disabled=\"true\">El bolso es el ideal acompa\u00f1ante en todo momento, el mismo es realizado en EcoCuero y revestido en tela de poli\u00e9ster, mide 40cm de ancho y 35cm de alto. Cada bolso tiene una combinaci\u00f3n \u00fanica de colores. Para fabricar cada bolso, cortamos la tela a medida utilizando los diferentes moldes previamente dise\u00f1ados, luego con la m\u00e1quina de coser recta industrial unimos cada parte. Y por \u00faltimo, utilizamos herramientas de mano como la &#8220;sacabocado&#8221; y &#8220;abrochadora&#8221; para a\u00f1adir los detalles que hacen que este producto resalte a\u00fan m\u00e1s.<\/div>\r\n<\/div>\r\n<\/div>\r\n<\/div>\r\n<\/div>\r\n<\/div>\r\n<\/div>\r\n<\/div>\r\n<\/div>\r\n<\/div>\r\n<\/div>\r\n<\/div>\r\n<\/div>\r\n<\/div>","protected":false},"featured_media":59341,"comment_status":"open","ping_status":"closed","template":"","meta":[],"product_cat":[5923,6098,6101],"product_tag":[967,979],"_links":{"self":[{"href":"https:\/\/www.mendoza.gov.ar\/catalogoeconomiasocial\/wp-json\/wp\/v2\/product\/59345"}],"collection":[{"href":"https:\/\/www.mendoza.gov.ar\/catalogoeconomiasocial\/wp-json\/wp\/v2\/product"}],"about":[{"href":"https:\/\/www.mendoza.gov.ar\/catalogoeconomiasocial\/wp-json\/wp\/v2\/types\/product"}],"replies":[{"embeddable":true,"href":"https:\/\/www.mendoza.gov.ar\/catalogoeconomiasocial\/wp-json\/wp\/v2\/comments?post=59345"}],"wp:featuredmedia":[{"embeddable":true,"href":"https:\/\/www.mendoza.gov.ar\/catalogoeconomiasocial\/wp-json\/wp\/v2\/media\/59341"}],"wp:attachment":[{"href":"https:\/\/www.mendoza.gov.ar\/catalogoeconomiasocial\/wp-json\/wp\/v2\/media?parent=59345"}],"wp:term":[{"taxonomy":"product_cat","embeddable":true,"href":"https:\/\/www.mendoza.gov.ar\/catalogoeconomiasocial\/wp-json\/wp\/v2\/product_cat?post=59345"},{"taxonomy":"product_tag","embeddable":true,"href":"https:\/\/www.mendoza.gov.ar\/catalogoeconomiasocial\/wp-json\/wp\/v2\/product_tag?post=59345"}],"curies":[{"name":"wp","href":"https:\/\/api.w.org\/{rel}","templated":true}]}}