{"id":59354,"date":"2025-09-24T11:57:51","date_gmt":"2025-09-24T14:57:51","guid":{"rendered":"https:\/\/www.mendoza.gov.ar\/catalogoeconomiasocial\/?post_type=product&#038;p=59354"},"modified":"2026-04-08T10:29:23","modified_gmt":"2026-04-08T13:29:23","slug":"bolsos-carteritas-de-tela-reciclada","status":"publish","type":"product","link":"https:\/\/www.mendoza.gov.ar\/catalogoeconomiasocial\/producto\/bolsos-carteritas-de-tela-reciclada\/","title":{"rendered":"Bolsos &#8211; Carter\u00edtas de Tela Reciclada"},"content":{"rendered":"<!DOCTYPE html PUBLIC \"-\/\/W3C\/\/DTD HTML 4.0 Transitional\/\/EN\" \"http:\/\/www.w3.org\/TR\/REC-html40\/loose.dtd\">\n\n","protected":false},"excerpt":{"rendered":"Bolsos peque\u00f1os y coquetos para salir liviana, con el toque justo de dise\u00f1o y personalidad. Perfectos para encuentros, salidas y momentos especiales donde menos es m\u00e1s. Uso telas planas resistentes como tapicer\u00eda y ecocuero, e incorporo bisuter\u00eda recuperada.","protected":false},"featured_media":59355,"comment_status":"open","ping_status":"closed","template":"","meta":[],"product_cat":[5923,6098,6101],"product_tag":[979,7590,5612,1485],"_links":{"self":[{"href":"https:\/\/www.mendoza.gov.ar\/catalogoeconomiasocial\/wp-json\/wp\/v2\/product\/59354"}],"collection":[{"href":"https:\/\/www.mendoza.gov.ar\/catalogoeconomiasocial\/wp-json\/wp\/v2\/product"}],"about":[{"href":"https:\/\/www.mendoza.gov.ar\/catalogoeconomiasocial\/wp-json\/wp\/v2\/types\/product"}],"replies":[{"embeddable":true,"href":"https:\/\/www.mendoza.gov.ar\/catalogoeconomiasocial\/wp-json\/wp\/v2\/comments?post=59354"}],"wp:featuredmedia":[{"embeddable":true,"href":"https:\/\/www.mendoza.gov.ar\/catalogoeconomiasocial\/wp-json\/wp\/v2\/media\/59355"}],"wp:attachment":[{"href":"https:\/\/www.mendoza.gov.ar\/catalogoeconomiasocial\/wp-json\/wp\/v2\/media?parent=59354"}],"wp:term":[{"taxonomy":"product_cat","embeddable":true,"href":"https:\/\/www.mendoza.gov.ar\/catalogoeconomiasocial\/wp-json\/wp\/v2\/product_cat?post=59354"},{"taxonomy":"product_tag","embeddable":true,"href":"https:\/\/www.mendoza.gov.ar\/catalogoeconomiasocial\/wp-json\/wp\/v2\/product_tag?post=59354"}],"curies":[{"name":"wp","href":"https:\/\/api.w.org\/{rel}","templated":true}]}}